{"id":4693,"date":"2014-08-11T12:15:53","date_gmt":"2014-08-11T12:15:53","guid":{"rendered":"http:\/\/lottonen.com\/2014\/?page_id=4693"},"modified":"2024-09-23T17:41:27","modified_gmt":"2024-09-23T14:41:27","slug":"huoltotyot","status":"publish","type":"page","link":"https:\/\/lottonen.com\/fi\/huoltotyot\/","title":{"rendered":"Huoltoty\u00f6t"},"content":{"rendered":"<p><div class=\"fusion-fullwidth fullwidth-box fusion-builder-row-1 nonhundred-percent-fullwidth non-hundred-percent-height-scrolling\" style=\"--awb-background-position:left top;--awb-border-radius-top-left:0px;--awb-border-radius-top-right:0px;--awb-border-radius-bottom-right:0px;--awb-border-radius-bottom-left:0px;--awb-padding-top:0px;--awb-padding-bottom:20px;--awb-border-sizes-top:0px;--awb-border-sizes-bottom:0px;--awb-flex-wrap:wrap;\" ><div class=\"fusion-builder-row fusion-row\"><div class=\"fusion-layout-column fusion_builder_column fusion-builder-column-0 fusion_builder_column_1_1 1_1 fusion-one-full fusion-column-first fusion-column-last\" style=\"--awb-bg-size:cover;--awb-margin-bottom:0px;\"><div class=\"fusion-column-wrapper fusion-flex-column-wrapper-legacy\"><div class=\"fusion-text fusion-text-1\"><h2 style=\"text-align: center;\">Soitinhuollot, korjausty\u00f6t ja entis\u00f6innit<\/h2>\n<\/div><div class=\"fusion-clearfix\"><\/div><\/div><\/div><div class=\"fusion-layout-column fusion_builder_column fusion-builder-column-1 fusion_builder_column_1_1 1_1 fusion-one-full fusion-column-first fusion-column-last fusion-column-no-min-height\" style=\"--awb-bg-size:cover;--awb-margin-bottom:0px;\"><div class=\"fusion-column-wrapper fusion-flex-column-wrapper-legacy\"><div class=\"fusion-image-element in-legacy-container\" style=\"--awb-bottom-shadow-color:rgba(0,0,0,0.4);--awb-caption-title-font-family:var(--h2_typography-font-family);--awb-caption-title-font-weight:var(--h2_typography-font-weight);--awb-caption-title-font-style:var(--h2_typography-font-style);--awb-caption-title-size:var(--h2_typography-font-size);--awb-caption-title-transform:var(--h2_typography-text-transform);--awb-caption-title-line-height:var(--h2_typography-line-height);--awb-caption-title-letter-spacing:var(--h2_typography-letter-spacing);\"><div class=\"awb-image-frame awb-image-frame-1 awb-bottomshadow\"><span class=\" fusion-imageframe imageframe-bottomshadow imageframe-1 hover-type-none\"><img decoding=\"async\" src=\"https:\/\/lottonen.com\/wp-content\/uploads\/2016\/10\/Lottonen_06.jpg\" alt class=\"img-responsive\"\/><\/span><svg xmlns=\"http:\/\/www.w3.org\/2000\/svg\" version=\"1.1\" width=\"100%\" viewBox=\"0 0 600 28\" preserveAspectRatio=\"none\"><g clip-path=\"url(#a)\"><mask id=\"b\" style=\"mask-type:luminance\" maskUnits=\"userSpaceOnUse\" x=\"0\" y=\"0\" width=\"600\" height=\"28\"><path d=\"M0 0h600v28H0V0Z\" fill=\"#fff\"\/><\/mask><g filter=\"url(#c)\" mask=\"url(#b)\"><path d=\"M16.439-18.667h567.123v30.8S438.961-8.4 300-8.4C161.04-8.4 16.438 12.133 16.438 12.133v-30.8Z\" fill=\"#000\"\/><\/g><\/g><defs><clipPath id=\"a\"><path fill=\"#fff\" d=\"M0 0h600v28H0z\"\/><\/clipPath><filter id=\"c\" x=\"5.438\" y=\"-29.667\" width=\"589.123\" height=\"52.8\" filterUnits=\"userSpaceOnUse\" color-interpolation-filters=\"sRGB\"><feFlood flood-opacity=\"0\" result=\"BackgroundImageFix\"\/><feBlend in=\"SourceGraphic\" in2=\"BackgroundImageFix\" result=\"shape\"\/><feGaussianBlur stdDeviation=\"5.5\" result=\"effect1_foregroundBlur_3983_183\"\/><\/filter><\/defs><\/svg><\/div><\/div><div class=\"fusion-sep-clear\"><\/div><div class=\"fusion-separator fusion-full-width-sep\" style=\"margin-left: auto;margin-right: auto;margin-top:30px;width:100%;\"><\/div><div class=\"fusion-sep-clear\"><\/div><div class=\"fusion-text fusion-text-2\"><h3 style=\"text-align: center;\">Kaikki soittimet kaipaavat s\u00e4\u00e4nn\u00f6llist\u00e4 huoltoa.<\/h3>\n<p style=\"text-align: center;\">Kuluvat osat kuten nauhat on aika ajoin syyt\u00e4 hioa tai vaihtaa ja s\u00e4\u00e4t\u00e4\u00e4 kohdalleen. Palautamme soittimesi Tonen ennalleen &#8211; tai halutessasi jopa parannamme sit\u00e4 alkuper\u00e4isest\u00e4! Kun soittimesi on saanut yhden iskun liikaa, ei syyt\u00e4 huoleen. K\u00e4yt\u00e4nn\u00f6ss\u00e4 pahastikin vaurioitunut soitin voidaan palauttaa ennalleen, mutta ty\u00f6tuntim\u00e4\u00e4r\u00e4 voi nousta yll\u00e4tt\u00e4v\u00e4ksi. Pid\u00e4 siis soittimestasi huolta!\u00a0Palautamme halutessasi tonen lis\u00e4ksi my\u00f6s soittimen ulkon\u00e4\u00f6n entiselleen.<\/p>\n<h3 style=\"text-align: center;\">Ilman kosteus ja -kuivuus<\/h3>\n<p style=\"text-align: center;\">Puiset soittimet ovat herkki\u00e4 ilmankosteudelle &#8211; tai paremmin kuivuudelle. Tavallisesti kodin l\u00e4mp\u00f6tila (20-25 C) on soittimellesi sopiva. \u00c4l\u00e4 kuitenkaan s\u00e4ilyt\u00e4 instrumenttiasi l\u00e4mp\u00f6patterin vieress\u00e4 tai suorassa auringon paisteessa. Sopiva ilmankosteus-% akustiselle instrumentille riippuu luonnollisesti valmistusmaasta, hyv\u00e4 kompromissi on yleens\u00e4 pyrki\u00e4 pysym\u00e4\u00e4n keskitiell\u00e4 (40-60 kosteus%). Mik\u00e4li kodin tai harjoitusk\u00e4mp\u00e4n ilmankosteutta ei haluta muuttaa voit s\u00e4ilytt\u00e4\u00e4 kitaraasi kostuttimen kanssa kitaralaukussa. Kysy meilt\u00e4 tarkemmat ohjeet.<\/p>\n<h3 style=\"text-align: center;\">L\u00e4mp\u00f6tilan vaihtelut<\/h3>\n<p style=\"text-align: center;\">Kitarasi pintak\u00e4sittely on my\u00f6s herkk\u00e4 nopeille l\u00e4mp\u00f6tilanvaihteluille. Sen pinta saattaa halkeilla mik\u00e4li l\u00e4mp\u00f6tila nousee\/laskee liian nopeasti. Moni keikkamuusikko onkin saanut t\u00e4m\u00e4n karvaasti huomata. Mik\u00e4li soitin on kylmennyt esim. talvella auton takaluukussa, pid\u00e4 se laukussa mahdollisimman pitk\u00e4\u00e4n ja anna sen l\u00e4mmet\u00e4 hitaasti. Se kannattaa!<\/p>\n<h3 style=\"text-align: center;\">Anna ammattimiehen auttaa!<\/h3>\n<p style=\"text-align: center;\">Kun soittimessasi on kuivuuden aiheuttama halkeama, sit\u00e4 ei kannata alkaa itse EriKeepperill\u00e4 korjailemaan! Usein saadaan aikaiseksi entist\u00e4 enemm\u00e4n ty\u00f6t\u00e4 soitinkorjaajalle. Muista vahingon ilmetty\u00e4 my\u00f6s l\u00f6ys\u00e4t\u00e4 kielten j\u00e4nnitys, saatat s\u00e4\u00e4st\u00e4\u00e4 selv\u00e4\u00e4 rahaa korjaustunneissa.<\/p>\n<h3 style=\"text-align: center;\">Huoltohinnoista<\/h3>\n<p style=\"text-align: center;\">Voimassa olevat huoltohinnat n\u00e4et alla. Huollon yhteydess\u00e4 vaihdamme kielet. Uusilla kielill\u00e4\u00a0on hienovireen s\u00e4\u00e4t\u00f6 totuudenmukaisempi ja s\u00e4rin\u00f6iden\u00a0paikantaminen helpompaa. Huoltohinnat eiv\u00e4t sis\u00e4ll\u00e4 uusia\u00a0kieli\u00e4. Voit tuoda haluamasi kielisetin mukanasi tai hankkia\u00a0sen meilt\u00e4. S\u00e4\u00e4t\u00f6 sis\u00e4lt\u00e4\u00e4 otelaudan putsauksen ja \u00f6ljy\u00e4misen, kielten\u00a0korkeuden tarkistamisen, kaularaudan s\u00e4\u00e4d\u00f6n ja hienovireen\u00a0s\u00e4\u00e4d\u00f6n. Tarkistamme my\u00f6s yl\u00e4satulan kieliurat. Kaikki huollot\u00a0sis\u00e4lt\u00e4v\u00e4t soittimen s\u00e4\u00e4d\u00f6n parhaaseen mahdolliseen iskuun.<\/p>\n<div class=\"table-1\">\n<table width=\"50%\" align=\"center\">\n<thead>\n<tr>\n<th>HUOLTOHINNASTO<\/th>\n<th style=\"text-align: center;\">Sis. alv:n 25,5 %<\/th>\n<\/tr>\n<\/thead>\n<tbody>\n<tr>\n<td>S\u00e4\u00e4t\u00f6<\/td>\n<td>alk. 100 \u20ac<\/td>\n<\/tr>\n<tr>\n<td>Nauhojen hionta<\/td>\n<td>160 \u20ac<\/td>\n<\/tr>\n<tr>\n<td>Nauhojen vaihto<\/td>\n<td>alk. 325 \u20ac<\/td>\n<\/tr>\n<tr>\n<td>Yl\u00e4satula (luu)<\/td>\n<td>alk. 100 \u20ac<\/td>\n<\/tr>\n<tr>\n<td style=\"text-align: left;\">Tallaluu<\/td>\n<td>alk. 100 \u20ac<\/td>\n<\/tr>\n<tr>\n<td>Muut ty\u00f6t<\/td>\n<td>80 \u20ac\/h<\/td>\n<\/tr>\n<\/tbody>\n<\/table>\n<\/div>\n<\/div><div class=\"fusion-clearfix\"><\/div><\/div><\/div><\/div><div class=\"fusion-builder-row fusion-row\"><\/div><\/div><div class=\"fusion-fullwidth fullwidth-box fusion-builder-row-2 fusion-flex-container nonhundred-percent-fullwidth non-hundred-percent-height-scrolling\" style=\"--awb-border-radius-top-left:0px;--awb-border-radius-top-right:0px;--awb-border-radius-bottom-right:0px;--awb-border-radius-bottom-left:0px;--awb-flex-wrap:wrap;\" ><\/div><\/p>\n","protected":false},"excerpt":{"rendered":"","protected":false},"author":1,"featured_media":0,"parent":0,"menu_order":0,"comment_status":"open","ping_status":"open","template":"100-width.php","meta":{"footnotes":""},"class_list":["post-4693","page","type-page","status-publish","hentry"],"yoast_head":"<!-- This site is optimized with the Yoast SEO plugin v25.1 - https:\/\/yoast.com\/wordpress\/plugins\/seo\/ -->\n<title>Huoltoty\u00f6t | Lottonen Handmade Guitars<\/title>\n<meta name=\"robots\" content=\"index, follow, max-snippet:-1, max-image-preview:large, max-video-preview:-1\" \/>\n<link rel=\"canonical\" href=\"https:\/\/lottonen.com\/fi\/huoltotyot\/\" \/>\n<meta property=\"og:locale\" content=\"fi_FI\" \/>\n<meta property=\"og:type\" content=\"article\" \/>\n<meta property=\"og:title\" content=\"Huoltoty\u00f6t | Lottonen Handmade Guitars\" \/>\n<meta property=\"og:url\" content=\"https:\/\/lottonen.com\/fi\/huoltotyot\/\" \/>\n<meta property=\"og:site_name\" content=\"Lottonen Handmade Guitars\" \/>\n<meta property=\"article:modified_time\" content=\"2024-09-23T14:41:27+00:00\" \/>\n<meta property=\"og:image\" content=\"https:\/\/lottonen.com\/wp-content\/uploads\/2016\/10\/Lottonen_06.jpg\" \/>\n<meta name=\"twitter:card\" content=\"summary_large_image\" \/>\n<meta name=\"twitter:label1\" content=\"Arvioitu lukuaika\" \/>\n\t<meta name=\"twitter:data1\" content=\"2 minuuttia\" \/>\n<script type=\"application\/ld+json\" class=\"yoast-schema-graph\">{\"@context\":\"https:\/\/schema.org\",\"@graph\":[{\"@type\":\"WebPage\",\"@id\":\"https:\/\/lottonen.com\/fi\/huoltotyot\/\",\"url\":\"https:\/\/lottonen.com\/fi\/huoltotyot\/\",\"name\":\"Huoltoty\u00f6t | Lottonen Handmade Guitars\",\"isPartOf\":{\"@id\":\"https:\/\/lottonen.com\/#website\"},\"primaryImageOfPage\":{\"@id\":\"https:\/\/lottonen.com\/fi\/huoltotyot\/#primaryimage\"},\"image\":{\"@id\":\"https:\/\/lottonen.com\/fi\/huoltotyot\/#primaryimage\"},\"thumbnailUrl\":\"https:\/\/lottonen.com\/wp-content\/uploads\/2016\/10\/Lottonen_06.jpg\",\"datePublished\":\"2014-08-11T12:15:53+00:00\",\"dateModified\":\"2024-09-23T14:41:27+00:00\",\"breadcrumb\":{\"@id\":\"https:\/\/lottonen.com\/fi\/huoltotyot\/#breadcrumb\"},\"inLanguage\":\"fi\",\"potentialAction\":[{\"@type\":\"ReadAction\",\"target\":[\"https:\/\/lottonen.com\/fi\/huoltotyot\/\"]}]},{\"@type\":\"ImageObject\",\"inLanguage\":\"fi\",\"@id\":\"https:\/\/lottonen.com\/fi\/huoltotyot\/#primaryimage\",\"url\":\"https:\/\/lottonen.com\/wp-content\/uploads\/2016\/10\/Lottonen_06.jpg\",\"contentUrl\":\"https:\/\/lottonen.com\/wp-content\/uploads\/2016\/10\/Lottonen_06.jpg\"},{\"@type\":\"BreadcrumbList\",\"@id\":\"https:\/\/lottonen.com\/fi\/huoltotyot\/#breadcrumb\",\"itemListElement\":[{\"@type\":\"ListItem\",\"position\":1,\"name\":\"Etusivu\",\"item\":\"https:\/\/lottonen.com\/fi\/\"},{\"@type\":\"ListItem\",\"position\":2,\"name\":\"Huoltoty\u00f6t\"}]},{\"@type\":\"WebSite\",\"@id\":\"https:\/\/lottonen.com\/#website\",\"url\":\"https:\/\/lottonen.com\/\",\"name\":\"Lottonen Handmade Guitars\",\"description\":\"A lot of tone\",\"publisher\":{\"@id\":\"https:\/\/lottonen.com\/#organization\"},\"potentialAction\":[{\"@type\":\"SearchAction\",\"target\":{\"@type\":\"EntryPoint\",\"urlTemplate\":\"https:\/\/lottonen.com\/?s={search_term_string}\"},\"query-input\":{\"@type\":\"PropertyValueSpecification\",\"valueRequired\":true,\"valueName\":\"search_term_string\"}}],\"inLanguage\":\"fi\"},{\"@type\":\"Organization\",\"@id\":\"https:\/\/lottonen.com\/#organization\",\"name\":\"Lottonen Guitars Oy\",\"url\":\"https:\/\/lottonen.com\/\",\"logo\":{\"@type\":\"ImageObject\",\"inLanguage\":\"fi\",\"@id\":\"https:\/\/lottonen.com\/#\/schema\/logo\/image\/\",\"url\":\"https:\/\/lottonen.com\/wp-content\/uploads\/2014\/08\/Lottonen-logo1.png\",\"contentUrl\":\"https:\/\/lottonen.com\/wp-content\/uploads\/2014\/08\/Lottonen-logo1.png\",\"width\":374,\"height\":70,\"caption\":\"Lottonen Guitars Oy\"},\"image\":{\"@id\":\"https:\/\/lottonen.com\/#\/schema\/logo\/image\/\"}}]}<\/script>\n<!-- \/ Yoast SEO plugin. -->","yoast_head_json":{"title":"Huoltoty\u00f6t | Lottonen Handmade Guitars","robots":{"index":"index","follow":"follow","max-snippet":"max-snippet:-1","max-image-preview":"max-image-preview:large","max-video-preview":"max-video-preview:-1"},"canonical":"https:\/\/lottonen.com\/fi\/huoltotyot\/","og_locale":"fi_FI","og_type":"article","og_title":"Huoltoty\u00f6t | Lottonen Handmade Guitars","og_url":"https:\/\/lottonen.com\/fi\/huoltotyot\/","og_site_name":"Lottonen Handmade Guitars","article_modified_time":"2024-09-23T14:41:27+00:00","og_image":[{"url":"https:\/\/lottonen.com\/wp-content\/uploads\/2016\/10\/Lottonen_06.jpg","type":"","width":"","height":""}],"twitter_card":"summary_large_image","twitter_misc":{"Arvioitu lukuaika":"2 minuuttia"},"schema":{"@context":"https:\/\/schema.org","@graph":[{"@type":"WebPage","@id":"https:\/\/lottonen.com\/fi\/huoltotyot\/","url":"https:\/\/lottonen.com\/fi\/huoltotyot\/","name":"Huoltoty\u00f6t | Lottonen Handmade Guitars","isPartOf":{"@id":"https:\/\/lottonen.com\/#website"},"primaryImageOfPage":{"@id":"https:\/\/lottonen.com\/fi\/huoltotyot\/#primaryimage"},"image":{"@id":"https:\/\/lottonen.com\/fi\/huoltotyot\/#primaryimage"},"thumbnailUrl":"https:\/\/lottonen.com\/wp-content\/uploads\/2016\/10\/Lottonen_06.jpg","datePublished":"2014-08-11T12:15:53+00:00","dateModified":"2024-09-23T14:41:27+00:00","breadcrumb":{"@id":"https:\/\/lottonen.com\/fi\/huoltotyot\/#breadcrumb"},"inLanguage":"fi","potentialAction":[{"@type":"ReadAction","target":["https:\/\/lottonen.com\/fi\/huoltotyot\/"]}]},{"@type":"ImageObject","inLanguage":"fi","@id":"https:\/\/lottonen.com\/fi\/huoltotyot\/#primaryimage","url":"https:\/\/lottonen.com\/wp-content\/uploads\/2016\/10\/Lottonen_06.jpg","contentUrl":"https:\/\/lottonen.com\/wp-content\/uploads\/2016\/10\/Lottonen_06.jpg"},{"@type":"BreadcrumbList","@id":"https:\/\/lottonen.com\/fi\/huoltotyot\/#breadcrumb","itemListElement":[{"@type":"ListItem","position":1,"name":"Etusivu","item":"https:\/\/lottonen.com\/fi\/"},{"@type":"ListItem","position":2,"name":"Huoltoty\u00f6t"}]},{"@type":"WebSite","@id":"https:\/\/lottonen.com\/#website","url":"https:\/\/lottonen.com\/","name":"Lottonen Handmade Guitars","description":"A lot of tone","publisher":{"@id":"https:\/\/lottonen.com\/#organization"},"potentialAction":[{"@type":"SearchAction","target":{"@type":"EntryPoint","urlTemplate":"https:\/\/lottonen.com\/?s={search_term_string}"},"query-input":{"@type":"PropertyValueSpecification","valueRequired":true,"valueName":"search_term_string"}}],"inLanguage":"fi"},{"@type":"Organization","@id":"https:\/\/lottonen.com\/#organization","name":"Lottonen Guitars Oy","url":"https:\/\/lottonen.com\/","logo":{"@type":"ImageObject","inLanguage":"fi","@id":"https:\/\/lottonen.com\/#\/schema\/logo\/image\/","url":"https:\/\/lottonen.com\/wp-content\/uploads\/2014\/08\/Lottonen-logo1.png","contentUrl":"https:\/\/lottonen.com\/wp-content\/uploads\/2014\/08\/Lottonen-logo1.png","width":374,"height":70,"caption":"Lottonen Guitars Oy"},"image":{"@id":"https:\/\/lottonen.com\/#\/schema\/logo\/image\/"}}]}},"_links":{"self":[{"href":"https:\/\/lottonen.com\/fi\/wp-json\/wp\/v2\/pages\/4693","targetHints":{"allow":["GET"]}}],"collection":[{"href":"https:\/\/lottonen.com\/fi\/wp-json\/wp\/v2\/pages"}],"about":[{"href":"https:\/\/lottonen.com\/fi\/wp-json\/wp\/v2\/types\/page"}],"author":[{"embeddable":true,"href":"https:\/\/lottonen.com\/fi\/wp-json\/wp\/v2\/users\/1"}],"replies":[{"embeddable":true,"href":"https:\/\/lottonen.com\/fi\/wp-json\/wp\/v2\/comments?post=4693"}],"version-history":[{"count":84,"href":"https:\/\/lottonen.com\/fi\/wp-json\/wp\/v2\/pages\/4693\/revisions"}],"predecessor-version":[{"id":8024,"href":"https:\/\/lottonen.com\/fi\/wp-json\/wp\/v2\/pages\/4693\/revisions\/8024"}],"wp:attachment":[{"href":"https:\/\/lottonen.com\/fi\/wp-json\/wp\/v2\/media?parent=4693"}],"curies":[{"name":"wp","href":"https:\/\/api.w.org\/{rel}","templated":true}]}}