{"id":5282,"date":"2014-11-07T13:09:05","date_gmt":"2014-11-07T10:09:05","guid":{"rendered":"http:\/\/lottonen.com\/?page_id=5282"},"modified":"2024-08-09T16:11:07","modified_gmt":"2024-08-09T13:11:07","slug":"yritysinfo","status":"publish","type":"page","link":"https:\/\/lottonen.com\/fi\/yritysinfo\/","title":{"rendered":"Yritysinfo"},"content":{"rendered":"<p><div class=\"fusion-fullwidth fullwidth-box fusion-builder-row-1 nonhundred-percent-fullwidth non-hundred-percent-height-scrolling\" style=\"--awb-background-position:left top;--awb-border-radius-top-left:0px;--awb-border-radius-top-right:0px;--awb-border-radius-bottom-right:0px;--awb-border-radius-bottom-left:0px;--awb-padding-top:0px;--awb-padding-bottom:10px;--awb-border-sizes-top:0px;--awb-border-sizes-bottom:0px;--awb-flex-wrap:wrap;\" ><div class=\"fusion-builder-row fusion-row\">\n<h2 style=\"text-align: center;\">Lottonen Guitars Oy<\/h2>\n<p style=\"text-align: center;\">Valmistamme, huollamme ja korjaamme kitaroita ja muita kieleisoittimia verstaassamme Helsingin Herttoniemess\u00e4. Tiimimme on kompakti ja kokenut. Meit\u00e4 yhdist\u00e4\u00e4 kiinnostus hyv\u00e4\u00e4n musiikkiin, soittimiin ja k\u00e4sill\u00e4 tekemiseen. Olemme mukana isolla innolla ja syd\u00e4mell\u00e4.<\/p>\n<div class=\"fusion-layout-column fusion_builder_column fusion-builder-column-0 fusion_builder_column_1_1 1_1 fusion-one-full fusion-column-first fusion-column-last fusion-column-no-min-height\" style=\"--awb-bg-size:cover;--awb-margin-bottom:0px;\"><div class=\"fusion-column-wrapper fusion-flex-column-wrapper-legacy\"><div class=\"fusion-image-element fusion-image-align-center in-legacy-container\" style=\"text-align:center;--awb-bottom-shadow-color:rgba(0,0,0,0.4);--awb-caption-title-font-family:var(--h2_typography-font-family);--awb-caption-title-font-weight:var(--h2_typography-font-weight);--awb-caption-title-font-style:var(--h2_typography-font-style);--awb-caption-title-size:var(--h2_typography-font-size);--awb-caption-title-transform:var(--h2_typography-text-transform);--awb-caption-title-line-height:var(--h2_typography-line-height);--awb-caption-title-letter-spacing:var(--h2_typography-letter-spacing);\"><div class=\"imageframe-align-center\"><div class=\"awb-image-frame awb-image-frame-1 awb-bottomshadow\"><span class=\" fusion-imageframe imageframe-bottomshadow imageframe-1 hover-type-none\"><img decoding=\"async\" width=\"4016\" height=\"4016\" title=\"fullsizeoutput_206e\" src=\"https:\/\/lottonen.com\/wp-content\/uploads\/2016\/10\/fullsizeoutput_206e.jpeg\" alt class=\"img-responsive wp-image-7906\" srcset=\"https:\/\/lottonen.com\/wp-content\/uploads\/2016\/10\/fullsizeoutput_206e-66x66.jpeg 66w, https:\/\/lottonen.com\/wp-content\/uploads\/2016\/10\/fullsizeoutput_206e-150x150.jpeg 150w, https:\/\/lottonen.com\/wp-content\/uploads\/2016\/10\/fullsizeoutput_206e-300x300.jpeg 300w, https:\/\/lottonen.com\/wp-content\/uploads\/2016\/10\/fullsizeoutput_206e-1024x1024.jpeg 1024w, https:\/\/lottonen.com\/wp-content\/uploads\/2016\/10\/fullsizeoutput_206e.jpeg 4016w\" sizes=\"(max-width: 4016px) 100vw, 4016px\" \/><\/span><svg xmlns=\"http:\/\/www.w3.org\/2000\/svg\" version=\"1.1\" width=\"100%\" viewBox=\"0 0 600 28\" preserveAspectRatio=\"none\"><g clip-path=\"url(#a)\"><mask id=\"b\" style=\"mask-type:luminance\" maskUnits=\"userSpaceOnUse\" x=\"0\" y=\"0\" width=\"600\" height=\"28\"><path d=\"M0 0h600v28H0V0Z\" fill=\"#fff\"\/><\/mask><g filter=\"url(#c)\" mask=\"url(#b)\"><path d=\"M16.439-18.667h567.123v30.8S438.961-8.4 300-8.4C161.04-8.4 16.438 12.133 16.438 12.133v-30.8Z\" fill=\"#000\"\/><\/g><\/g><defs><clipPath id=\"a\"><path fill=\"#fff\" d=\"M0 0h600v28H0z\"\/><\/clipPath><filter id=\"c\" x=\"5.438\" y=\"-29.667\" width=\"589.123\" height=\"52.8\" filterUnits=\"userSpaceOnUse\" color-interpolation-filters=\"sRGB\"><feFlood flood-opacity=\"0\" result=\"BackgroundImageFix\"\/><feBlend in=\"SourceGraphic\" in2=\"BackgroundImageFix\" result=\"shape\"\/><feGaussianBlur stdDeviation=\"5.5\" result=\"effect1_foregroundBlur_3983_183\"\/><\/filter><\/defs><\/svg><\/div><\/div><\/div>\n<div class=\"fusion-clearfix\"><\/div><\/div><\/div><div class=\"fusion-layout-column fusion_builder_column fusion-builder-column-1 fusion_builder_column_1_1 1_1 fusion-one-full fusion-column-first fusion-column-last fusion-column-no-min-height\" style=\"--awb-bg-size:cover;--awb-margin-bottom:0px;\"><div class=\"fusion-column-wrapper fusion-flex-column-wrapper-legacy\"><div class=\"fusion-image-carousel fusion-image-carousel-fixed fusion-image-carousel-1 lightbox-enabled fusion-carousel-border\"><div class=\"awb-carousel awb-swiper awb-swiper-carousel\" data-autoplay=\"no\" data-columns=\"5\" data-itemmargin=\"13\" data-itemwidth=\"180\" data-touchscroll=\"no\" data-imagesize=\"fixed\"><div class=\"swiper-wrapper awb-image-carousel-wrapper fusion-flex-align-items-center\"><div class=\"swiper-slide\"><div class=\"fusion-carousel-item-wrapper\"><div class=\"fusion-image-wrapper hover-type-none\"><a data-rel=\"iLightbox[image_carousel_1]\" href=\"https:\/\/lottonen.com\/wp-content\/uploads\/2015\/12\/DSC_3648.jpg\" target=\"_self\"><img decoding=\"async\" src=\"https:\/\/lottonen.com\/wp-content\/uploads\/2015\/12\/DSC_3648.jpg\" alt=\"\"\/><\/a><\/div><\/div><\/div><div class=\"swiper-slide\"><div class=\"fusion-carousel-item-wrapper\"><div class=\"fusion-image-wrapper hover-type-none\"><a data-rel=\"iLightbox[image_carousel_1]\" href=\"https:\/\/lottonen.com\/wp-content\/uploads\/2015\/12\/DSC_3647.jpg\" target=\"_self\"><img decoding=\"async\" src=\"https:\/\/lottonen.com\/wp-content\/uploads\/2015\/12\/DSC_3647.jpg\" alt=\"\"\/><\/a><\/div><\/div><\/div><div class=\"swiper-slide\"><div class=\"fusion-carousel-item-wrapper\"><div class=\"fusion-image-wrapper hover-type-none\"><a data-rel=\"iLightbox[image_carousel_1]\" href=\"https:\/\/lottonen.com\/wp-content\/uploads\/2015\/12\/DSC_4369.jpg\" target=\"_self\"><img decoding=\"async\" src=\"https:\/\/lottonen.com\/wp-content\/uploads\/2015\/12\/DSC_4369.jpg\" alt=\"\"\/><\/a><\/div><\/div><\/div><div class=\"swiper-slide\"><div class=\"fusion-carousel-item-wrapper\"><div class=\"fusion-image-wrapper hover-type-none\"><a data-rel=\"iLightbox[image_carousel_1]\" data-title=\"DSC_5533\" aria-label=\"DSC_5533\" href=\"https:\/\/lottonen.com\/wp-content\/uploads\/2015\/12\/DSC_5533-e1451414677496.jpg\" target=\"_self\"><img decoding=\"async\" width=\"320\" height=\"202\" src=\"https:\/\/lottonen.com\/wp-content\/uploads\/2015\/12\/DSC_5533-320x202.jpg\" class=\"attachment-blog-medium size-blog-medium\" alt=\"\" \/><\/a><\/div><\/div><\/div><\/div><div class=\"awb-swiper-button awb-swiper-button-prev\"><i class=\"awb-icon-angle-left\" aria-hidden=\"true\"><\/i><\/div><div class=\"awb-swiper-button awb-swiper-button-next\"><i class=\"awb-icon-angle-right\" aria-hidden=\"true\"><\/i><\/div><\/div><\/div>\n<div class=\"fusion-clearfix\"><\/div><\/div><\/div><\/div><\/div> <div class=\"fusion-fullwidth fullwidth-box fusion-builder-row-2 nonhundred-percent-fullwidth non-hundred-percent-height-scrolling\" style=\"--awb-background-position:left top;--awb-border-radius-top-left:0px;--awb-border-radius-top-right:0px;--awb-border-radius-bottom-right:0px;--awb-border-radius-bottom-left:0px;--awb-padding-top:20px;--awb-padding-bottom:20px;--awb-background-color:#d2d2d2;--awb-border-sizes-top:0px;--awb-border-sizes-bottom:0px;--awb-flex-wrap:wrap;\" ><div class=\"fusion-builder-row fusion-row\">\n<h2 style=\"text-align: center;\">Lottonen Guitars Oy p\u00e4hkin\u00e4nkuoressa<\/h2>\n<p style=\"text-align: center;\">Yli 20 vuotta on siit\u00e4, kun soitinrakentajamestari Juha Lottonen aloitti toiminimell\u00e4\u00e4n Liikanen Musical Instrumentsin alivuokralaisena vuonna 1992. Paljon on ehtinyt tapahtua sen j\u00e4lkeen. T\u00e4ss\u00e4 muutamia t\u00e4rkeit\u00e4 virstanpylv\u00e4it\u00e4:<\/p>\n<ul>\n<li>1993 Muutto Arabiaan nykyisen Arabian Pop-jazz konservatorion tiloihin. Soitinkorjaukset tanakasti mukana toiminnassa.<\/li>\n<li>1993 Ensimm\u00e4inen M -malli valmistuu.<\/li>\n<li>1994 Muutto Vallilaan. Soitinkorjaukset p\u00e4\u00e4tulonl\u00e4hde. S\u00e4hk\u00f6kitaratilausten m\u00e4\u00e4r\u00e4 kasvaa.<\/li>\n<li>1995 Ensimm\u00e4iset kokeilut laminoiduista kitaroista.<\/li>\n<li>1997 Ensimm\u00e4inen Selmer Maccaferri \u2013tyyppinen kitara valmistuu.<\/li>\n<li>1998 Ensimm\u00e4inen jazzkitara, Ultra\u201318 l\u00e4mp\u00f6k\u00e4sitellyist\u00e4 puista.<\/li>\n<li>2000 Oma laminoitu kitaramalli, Centurion valmistuu.<\/li>\n<li>2001 Muutto Herttoniemeen. Laminoitujen ja kokopuisten akustisten kitaroiden kysynt\u00e4 kasvaa.<\/li>\n<li>2003 Lottonen Guitars Oy perustetaan. Muutto ensimm\u00e4isiin omiin ty\u00f6tiloihin. Hieno ajanjakso Liikanen Musical Instrumentsin alivuokralaisena p\u00e4\u00e4ttyy. Lauri Tanner osakkaaksi.<\/li>\n<li>2004 Sadas kitara valmistettu, Centurion-dlx. Ensimm\u00e4inen Modesto-malli valmistuu.<\/li>\n<li>2006 Muutto Hertsikassa talon sis\u00e4ll\u00e4 nykyisiin toimitiloihin. Copacabana \u2013kitaran lanseeraus.<\/li>\n<li>2009 Tiina Kallio soitinkorjaajaksi. Ensimm\u00e4inen ukulele valmistuu.<\/li>\n<li>2010 Ensimm\u00e4inen matkakitara (suunnittelu Mikko Paakkanen) valmistuu. Lauri Tanner j\u00e4tt\u00e4\u00e4 verstaan ja siirtyy Englantiin opiskelemaan viulunrakennusta.<\/li>\n<li>2011 Ensimm\u00e4inen ukulele Laulu -nimell\u00e4 (kiitokset Jukka Karjalaiselle!) valmistuu. Ensimm\u00e4inen laminoitu S -malli valmistettu.<\/li>\n<li>2013 Soitin numero 200 (S-3 Eric Bibb\u2019ille) valmistettu.<\/li>\n<li>2014 Ensimm\u00e4iset Parlor \u2013mallit valmistuvat.<\/li>\n<\/ul>\n<p style=\"text-align: center;\">Olemme mielest\u00e4mme onnistuneet hyvin. Siit\u00e4 osoituksena laaja asiakaskunta, johon kuuluu soittajia tavallisista harrastajista maailmanluokan taiteilijoihin. Olemme heist\u00e4 kaikista eritt\u00e4in kiitollisia ja ylpeit\u00e4.<\/p>\n<p style=\"text-align: center;\"><div class=\"fusion-layout-column fusion_builder_column fusion-builder-column-2 fusion_builder_column_1_1 1_1 fusion-one-full fusion-column-first fusion-column-last fusion-column-no-min-height\" style=\"--awb-bg-size:cover;--awb-margin-bottom:0px;\"><div class=\"fusion-column-wrapper fusion-flex-column-wrapper-legacy\"><div class=\"fusion-image-element in-legacy-container\" style=\"--awb-bottom-shadow-color:rgba(0,0,0,0.4);--awb-caption-title-font-family:var(--h2_typography-font-family);--awb-caption-title-font-weight:var(--h2_typography-font-weight);--awb-caption-title-font-style:var(--h2_typography-font-style);--awb-caption-title-size:var(--h2_typography-font-size);--awb-caption-title-transform:var(--h2_typography-text-transform);--awb-caption-title-line-height:var(--h2_typography-line-height);--awb-caption-title-letter-spacing:var(--h2_typography-letter-spacing);\"><div class=\"awb-image-frame awb-image-frame-2 awb-bottomshadow\"><span class=\" fusion-imageframe imageframe-bottomshadow imageframe-2 hover-type-none\"><img decoding=\"async\" width=\"816\" height=\"258\" title=\"verstas_vanha\" src=\"https:\/\/lottonen.com\/wp-content\/uploads\/2014\/11\/verstas_vanha1.jpg\" alt class=\"img-responsive wp-image-7748\" srcset=\"https:\/\/lottonen.com\/wp-content\/uploads\/2014\/11\/verstas_vanha1-300x94.jpg 300w, https:\/\/lottonen.com\/wp-content\/uploads\/2014\/11\/verstas_vanha1.jpg 816w\" sizes=\"(max-width: 816px) 100vw, 816px\" \/><\/span><svg xmlns=\"http:\/\/www.w3.org\/2000\/svg\" version=\"1.1\" width=\"100%\" viewBox=\"0 0 600 28\" preserveAspectRatio=\"none\"><g clip-path=\"url(#a)\"><mask id=\"b\" style=\"mask-type:luminance\" maskUnits=\"userSpaceOnUse\" x=\"0\" y=\"0\" width=\"600\" height=\"28\"><path d=\"M0 0h600v28H0V0Z\" fill=\"#fff\"\/><\/mask><g filter=\"url(#c)\" mask=\"url(#b)\"><path d=\"M16.439-18.667h567.123v30.8S438.961-8.4 300-8.4C161.04-8.4 16.438 12.133 16.438 12.133v-30.8Z\" fill=\"#000\"\/><\/g><\/g><defs><clipPath id=\"a\"><path fill=\"#fff\" d=\"M0 0h600v28H0z\"\/><\/clipPath><filter id=\"c\" x=\"5.438\" y=\"-29.667\" width=\"589.123\" height=\"52.8\" filterUnits=\"userSpaceOnUse\" color-interpolation-filters=\"sRGB\"><feFlood flood-opacity=\"0\" result=\"BackgroundImageFix\"\/><feBlend in=\"SourceGraphic\" in2=\"BackgroundImageFix\" result=\"shape\"\/><feGaussianBlur stdDeviation=\"5.5\" result=\"effect1_foregroundBlur_3983_183\"\/><\/filter><\/defs><\/svg><\/div><\/div>\n<p><em>Juha ja Lauri ylit\u00f6iss\u00e4 joskus aikojen alussa<\/em><div class=\"fusion-clearfix\"><\/div><\/div><\/div><\/div><\/div><\/p>\n","protected":false},"excerpt":{"rendered":"","protected":false},"author":1,"featured_media":0,"parent":0,"menu_order":0,"comment_status":"closed","ping_status":"closed","template":"100-width.php","meta":{"footnotes":""},"class_list":["post-5282","page","type-page","status-publish","hentry"],"yoast_head":"<!-- This site is optimized with the Yoast SEO plugin v25.1 - https:\/\/yoast.com\/wordpress\/plugins\/seo\/ -->\n<title>Yritysinfo | Lottonen Handmade Guitars<\/title>\n<meta name=\"robots\" content=\"index, follow, max-snippet:-1, max-image-preview:large, max-video-preview:-1\" \/>\n<link rel=\"canonical\" href=\"https:\/\/lottonen.com\/yritysinfo\/\" \/>\n<meta property=\"og:locale\" content=\"fi_FI\" \/>\n<meta property=\"og:type\" content=\"article\" \/>\n<meta property=\"og:title\" content=\"Yritysinfo | Lottonen Handmade Guitars\" \/>\n<meta property=\"og:url\" content=\"https:\/\/lottonen.com\/yritysinfo\/\" \/>\n<meta property=\"og:site_name\" content=\"Lottonen Handmade Guitars\" \/>\n<meta property=\"article:modified_time\" content=\"2024-08-09T13:11:07+00:00\" \/>\n<meta property=\"og:image\" content=\"https:\/\/lottonen.com\/wp-content\/uploads\/2016\/10\/fullsizeoutput_206e.jpeg\" \/>\n<meta name=\"twitter:card\" content=\"summary_large_image\" \/>\n<meta name=\"twitter:label1\" content=\"Arvioitu lukuaika\" \/>\n\t<meta name=\"twitter:data1\" content=\"3 minuuttia\" \/>\n<script type=\"application\/ld+json\" class=\"yoast-schema-graph\">{\"@context\":\"https:\/\/schema.org\",\"@graph\":[{\"@type\":\"WebPage\",\"@id\":\"https:\/\/lottonen.com\/yritysinfo\/\",\"url\":\"https:\/\/lottonen.com\/yritysinfo\/\",\"name\":\"Yritysinfo | Lottonen Handmade Guitars\",\"isPartOf\":{\"@id\":\"https:\/\/lottonen.com\/#website\"},\"primaryImageOfPage\":{\"@id\":\"https:\/\/lottonen.com\/yritysinfo\/#primaryimage\"},\"image\":{\"@id\":\"https:\/\/lottonen.com\/yritysinfo\/#primaryimage\"},\"thumbnailUrl\":\"https:\/\/lottonen.com\/wp-content\/uploads\/2016\/10\/fullsizeoutput_206e.jpeg\",\"datePublished\":\"2014-11-07T10:09:05+00:00\",\"dateModified\":\"2024-08-09T13:11:07+00:00\",\"breadcrumb\":{\"@id\":\"https:\/\/lottonen.com\/yritysinfo\/#breadcrumb\"},\"inLanguage\":\"fi\",\"potentialAction\":[{\"@type\":\"ReadAction\",\"target\":[\"https:\/\/lottonen.com\/yritysinfo\/\"]}]},{\"@type\":\"ImageObject\",\"inLanguage\":\"fi\",\"@id\":\"https:\/\/lottonen.com\/yritysinfo\/#primaryimage\",\"url\":\"https:\/\/lottonen.com\/wp-content\/uploads\/2016\/10\/fullsizeoutput_206e.jpeg\",\"contentUrl\":\"https:\/\/lottonen.com\/wp-content\/uploads\/2016\/10\/fullsizeoutput_206e.jpeg\"},{\"@type\":\"BreadcrumbList\",\"@id\":\"https:\/\/lottonen.com\/yritysinfo\/#breadcrumb\",\"itemListElement\":[{\"@type\":\"ListItem\",\"position\":1,\"name\":\"Etusivu\",\"item\":\"https:\/\/lottonen.com\/fi\/\"},{\"@type\":\"ListItem\",\"position\":2,\"name\":\"Yritysinfo\"}]},{\"@type\":\"WebSite\",\"@id\":\"https:\/\/lottonen.com\/#website\",\"url\":\"https:\/\/lottonen.com\/\",\"name\":\"Lottonen Handmade Guitars\",\"description\":\"A lot of tone\",\"publisher\":{\"@id\":\"https:\/\/lottonen.com\/#organization\"},\"potentialAction\":[{\"@type\":\"SearchAction\",\"target\":{\"@type\":\"EntryPoint\",\"urlTemplate\":\"https:\/\/lottonen.com\/?s={search_term_string}\"},\"query-input\":{\"@type\":\"PropertyValueSpecification\",\"valueRequired\":true,\"valueName\":\"search_term_string\"}}],\"inLanguage\":\"fi\"},{\"@type\":\"Organization\",\"@id\":\"https:\/\/lottonen.com\/#organization\",\"name\":\"Lottonen Guitars Oy\",\"url\":\"https:\/\/lottonen.com\/\",\"logo\":{\"@type\":\"ImageObject\",\"inLanguage\":\"fi\",\"@id\":\"https:\/\/lottonen.com\/#\/schema\/logo\/image\/\",\"url\":\"https:\/\/lottonen.com\/wp-content\/uploads\/2014\/08\/Lottonen-logo1.png\",\"contentUrl\":\"https:\/\/lottonen.com\/wp-content\/uploads\/2014\/08\/Lottonen-logo1.png\",\"width\":374,\"height\":70,\"caption\":\"Lottonen Guitars Oy\"},\"image\":{\"@id\":\"https:\/\/lottonen.com\/#\/schema\/logo\/image\/\"}}]}<\/script>\n<!-- \/ Yoast SEO plugin. -->","yoast_head_json":{"title":"Yritysinfo | Lottonen Handmade Guitars","robots":{"index":"index","follow":"follow","max-snippet":"max-snippet:-1","max-image-preview":"max-image-preview:large","max-video-preview":"max-video-preview:-1"},"canonical":"https:\/\/lottonen.com\/yritysinfo\/","og_locale":"fi_FI","og_type":"article","og_title":"Yritysinfo | Lottonen Handmade Guitars","og_url":"https:\/\/lottonen.com\/yritysinfo\/","og_site_name":"Lottonen Handmade Guitars","article_modified_time":"2024-08-09T13:11:07+00:00","og_image":[{"url":"https:\/\/lottonen.com\/wp-content\/uploads\/2016\/10\/fullsizeoutput_206e.jpeg","type":"","width":"","height":""}],"twitter_card":"summary_large_image","twitter_misc":{"Arvioitu lukuaika":"3 minuuttia"},"schema":{"@context":"https:\/\/schema.org","@graph":[{"@type":"WebPage","@id":"https:\/\/lottonen.com\/yritysinfo\/","url":"https:\/\/lottonen.com\/yritysinfo\/","name":"Yritysinfo | Lottonen Handmade Guitars","isPartOf":{"@id":"https:\/\/lottonen.com\/#website"},"primaryImageOfPage":{"@id":"https:\/\/lottonen.com\/yritysinfo\/#primaryimage"},"image":{"@id":"https:\/\/lottonen.com\/yritysinfo\/#primaryimage"},"thumbnailUrl":"https:\/\/lottonen.com\/wp-content\/uploads\/2016\/10\/fullsizeoutput_206e.jpeg","datePublished":"2014-11-07T10:09:05+00:00","dateModified":"2024-08-09T13:11:07+00:00","breadcrumb":{"@id":"https:\/\/lottonen.com\/yritysinfo\/#breadcrumb"},"inLanguage":"fi","potentialAction":[{"@type":"ReadAction","target":["https:\/\/lottonen.com\/yritysinfo\/"]}]},{"@type":"ImageObject","inLanguage":"fi","@id":"https:\/\/lottonen.com\/yritysinfo\/#primaryimage","url":"https:\/\/lottonen.com\/wp-content\/uploads\/2016\/10\/fullsizeoutput_206e.jpeg","contentUrl":"https:\/\/lottonen.com\/wp-content\/uploads\/2016\/10\/fullsizeoutput_206e.jpeg"},{"@type":"BreadcrumbList","@id":"https:\/\/lottonen.com\/yritysinfo\/#breadcrumb","itemListElement":[{"@type":"ListItem","position":1,"name":"Etusivu","item":"https:\/\/lottonen.com\/fi\/"},{"@type":"ListItem","position":2,"name":"Yritysinfo"}]},{"@type":"WebSite","@id":"https:\/\/lottonen.com\/#website","url":"https:\/\/lottonen.com\/","name":"Lottonen Handmade Guitars","description":"A lot of tone","publisher":{"@id":"https:\/\/lottonen.com\/#organization"},"potentialAction":[{"@type":"SearchAction","target":{"@type":"EntryPoint","urlTemplate":"https:\/\/lottonen.com\/?s={search_term_string}"},"query-input":{"@type":"PropertyValueSpecification","valueRequired":true,"valueName":"search_term_string"}}],"inLanguage":"fi"},{"@type":"Organization","@id":"https:\/\/lottonen.com\/#organization","name":"Lottonen Guitars Oy","url":"https:\/\/lottonen.com\/","logo":{"@type":"ImageObject","inLanguage":"fi","@id":"https:\/\/lottonen.com\/#\/schema\/logo\/image\/","url":"https:\/\/lottonen.com\/wp-content\/uploads\/2014\/08\/Lottonen-logo1.png","contentUrl":"https:\/\/lottonen.com\/wp-content\/uploads\/2014\/08\/Lottonen-logo1.png","width":374,"height":70,"caption":"Lottonen Guitars Oy"},"image":{"@id":"https:\/\/lottonen.com\/#\/schema\/logo\/image\/"}}]}},"_links":{"self":[{"href":"https:\/\/lottonen.com\/fi\/wp-json\/wp\/v2\/pages\/5282","targetHints":{"allow":["GET"]}}],"collection":[{"href":"https:\/\/lottonen.com\/fi\/wp-json\/wp\/v2\/pages"}],"about":[{"href":"https:\/\/lottonen.com\/fi\/wp-json\/wp\/v2\/types\/page"}],"author":[{"embeddable":true,"href":"https:\/\/lottonen.com\/fi\/wp-json\/wp\/v2\/users\/1"}],"replies":[{"embeddable":true,"href":"https:\/\/lottonen.com\/fi\/wp-json\/wp\/v2\/comments?post=5282"}],"version-history":[{"count":79,"href":"https:\/\/lottonen.com\/fi\/wp-json\/wp\/v2\/pages\/5282\/revisions"}],"predecessor-version":[{"id":7522,"href":"https:\/\/lottonen.com\/fi\/wp-json\/wp\/v2\/pages\/5282\/revisions\/7522"}],"wp:attachment":[{"href":"https:\/\/lottonen.com\/fi\/wp-json\/wp\/v2\/media?parent=5282"}],"curies":[{"name":"wp","href":"https:\/\/api.w.org\/{rel}","templated":true}]}}