{"id":5743,"date":"2014-11-27T12:54:12","date_gmt":"2014-11-27T09:54:12","guid":{"rendered":"http:\/\/lottonen.com\/?page_id=5743"},"modified":"2024-09-23T18:38:57","modified_gmt":"2024-09-23T15:38:57","slug":"m","status":"publish","type":"page","link":"https:\/\/lottonen.com\/fi\/m\/","title":{"rendered":"Lottonen M"},"content":{"rendered":"<div class=\"fusion-fullwidth fullwidth-box fusion-builder-row-1 nonhundred-percent-fullwidth non-hundred-percent-height-scrolling\" style=\"--awb-background-position:left top;--awb-border-sizes-top:0px;--awb-border-sizes-bottom:0px;--awb-border-sizes-left:0px;--awb-border-sizes-right:0px;--awb-border-radius-top-left:0px;--awb-border-radius-top-right:0px;--awb-border-radius-bottom-right:0px;--awb-border-radius-bottom-left:0px;--awb-padding-top:0px;--awb-padding-bottom:20px;--awb-flex-wrap:wrap;\" ><div class=\"fusion-builder-row fusion-row\"><div class=\"fusion-layout-column fusion_builder_column fusion-builder-column-0 fusion_builder_column_1_1 1_1 fusion-one-full fusion-column-first fusion-column-last fusion-column-no-min-height\" style=\"--awb-bg-size:cover;--awb-margin-bottom:0px;\"><div class=\"fusion-column-wrapper fusion-flex-column-wrapper-legacy\"><div class=\"fusion-text fusion-text-1 fusion-text-no-margin\" style=\"--awb-margin-bottom:30px;\"><h1 style=\"text-align: center;\">Lottonen M<\/h1>\n<h3 style=\"text-align: center;\">M-malli on erinomainen yleissoitin: sopivan kokoinen n\u00e4pp\u00e4ilyyn mutta riitt\u00e4v\u00e4 voimakkaampaankin k\u00e4sittelyyn.\u00a0Erilaiset materiaali- ja viimeistelyvaihtoehdot mahdollisia.<\/h3>\n<\/div><div class=\"fusion-clearfix\"><\/div><\/div><\/div><div class=\"fusion-layout-column fusion_builder_column fusion-builder-column-1 fusion_builder_column_1_2 1_2 fusion-one-half fusion-column-first\" style=\"--awb-bg-size:cover;width:48%; margin-right: 4%;\"><div class=\"fusion-column-wrapper fusion-flex-column-wrapper-legacy\"><div class=\"fusion-image-element fusion-image-align-center in-legacy-container\" style=\"text-align:center;--awb-caption-title-font-family:var(--h2_typography-font-family);--awb-caption-title-font-weight:var(--h2_typography-font-weight);--awb-caption-title-font-style:var(--h2_typography-font-style);--awb-caption-title-size:var(--h2_typography-font-size);--awb-caption-title-transform:var(--h2_typography-text-transform);--awb-caption-title-line-height:var(--h2_typography-line-height);--awb-caption-title-letter-spacing:var(--h2_typography-letter-spacing);\"><div class=\"imageframe-align-center\"><span class=\" fusion-imageframe imageframe-none imageframe-1 hover-type-none\"><img decoding=\"async\" width=\"4896\" height=\"3264\" title=\"DSCF4692\" src=\"https:\/\/lottonen.com\/wp-content\/uploads\/2018\/04\/DSCF4692.jpg\" alt class=\"img-responsive wp-image-7984\" srcset=\"https:\/\/lottonen.com\/wp-content\/uploads\/2018\/04\/DSCF4692-300x200.jpg 300w, https:\/\/lottonen.com\/wp-content\/uploads\/2018\/04\/DSCF4692-768x512.jpg 768w, https:\/\/lottonen.com\/wp-content\/uploads\/2018\/04\/DSCF4692-1024x683.jpg 1024w, https:\/\/lottonen.com\/wp-content\/uploads\/2018\/04\/DSCF4692.jpg 4896w\" sizes=\"(max-width: 4896px) 100vw, 4896px\" \/><\/span><\/div><\/div><div class=\"fusion-clearfix\"><\/div><\/div><\/div><div class=\"fusion-layout-column fusion_builder_column fusion-builder-column-2 fusion_builder_column_1_2 1_2 fusion-one-half fusion-column-last\" style=\"--awb-bg-size:cover;width:48%;\"><div class=\"fusion-column-wrapper fusion-flex-column-wrapper-legacy\"><div class=\"fusion-text fusion-text-2\"><h3 class=\"p1\">Mitat ja materiaalit:<\/h3>\n<p class=\"p1\"><strong>Kansi:<\/strong>\u00a0Kokokuusi<br \/>\n<strong>Pohja ja sivut:<\/strong>\u00a0Intian ruusupuu<br \/>\n<strong>Kopan listat:<\/strong>\u00a0X -rimoitus<br \/>\n<strong>Kopan reunalistat:<\/strong>\u00a0Intian ruusupuu<br \/>\n<strong>Kaula:<\/strong>\u00a0Mahonki\u00a0<strong>Otelauta:<\/strong>\u00a0Intian ruusupuu<br \/>\n<strong>Otelaudan reunalista:<\/strong>\u00a0&#8211;<br \/>\n<strong>Talla:<\/strong>\u00a0Intian ruusupuu<br \/>\n<strong>Satula ja tallan luu:<\/strong>\u00a0Valkaisematon luu<br \/>\n<strong>Kielipinnit:<\/strong>\u00a0Luu<br \/>\n<strong>Kannen suojalevy:<\/strong>\u00a0Kirkas<br \/>\n<strong>Virityskoneisto:<\/strong>\u00a0Waverly<br \/>\n<strong>Skaalan pituus:<\/strong>\u00a0645 mm<br \/>\n<strong>Otelaudan leveys:<\/strong>\u00a043 mm<br \/>\n<strong>Kaulan ja kopan liitos:<\/strong>\u00a0Pyrst\u00f6liitos<br \/>\n<strong>Kopan pituus:<\/strong>\u00a0497 mm<br \/>\n<strong>Kopan syvyys:<\/strong>\u00a090\/105 mm<br \/>\n<strong>Kopan alaleveys:<\/strong>\u00a0380 mm<br \/>\n<strong>Uuman leveys:<\/strong>\u00a0230 mm<br \/>\n<strong>Kopan yl\u00e4leveys:<\/strong>\u00a0290 mm<br \/>\n<strong>Pintak\u00e4sittely:<\/strong>\u00a0Polyuretaanilakka<\/p>\n<h3 class=\"p1\">Hinnat alkaen:<\/h3>\n<p class=\"p1\"><strong>Lottonen M:<\/strong>\u00a05.600 \u20ac<\/p>\n<\/div><div class=\"fusion-clearfix\"><\/div><\/div><\/div><div class=\"fusion-layout-column fusion_builder_column fusion-builder-column-3 fusion_builder_column_1_1 1_1 fusion-one-full fusion-column-first fusion-column-last fusion-column-no-min-height\" style=\"--awb-bg-size:cover;--awb-margin-bottom:0px;\"><div class=\"fusion-column-wrapper fusion-flex-column-wrapper-legacy\"><div class=\"fusion-image-carousel fusion-image-carousel-fixed fusion-image-carousel-1 lightbox-enabled fusion-carousel-border\"><div class=\"awb-carousel awb-swiper awb-swiper-carousel\" data-autoplay=\"no\" data-columns=\"5\" data-itemmargin=\"13\" data-itemwidth=\"180\" data-touchscroll=\"no\" data-imagesize=\"fixed\"><div class=\"swiper-wrapper awb-image-carousel-wrapper fusion-flex-align-items-center\"><div class=\"swiper-slide\"><div class=\"fusion-carousel-item-wrapper\"><div class=\"fusion-image-wrapper hover-type-none\"><a data-rel=\"iLightbox[image_carousel_1]\" data-title=\"DSCF4701\" aria-label=\"DSCF4701\" href=\"https:\/\/lottonen.com\/wp-content\/uploads\/2018\/04\/DSCF4701.jpg\" target=\"_self\"><img decoding=\"async\" width=\"320\" height=\"202\" src=\"https:\/\/lottonen.com\/wp-content\/uploads\/2018\/04\/DSCF4701-320x202.jpg\" class=\"attachment-blog-medium size-blog-medium\" alt=\"\" \/><\/a><\/div><\/div><\/div><div class=\"swiper-slide\"><div class=\"fusion-carousel-item-wrapper\"><div class=\"fusion-image-wrapper hover-type-none\"><a data-rel=\"iLightbox[image_carousel_1]\" data-title=\"DSCF4690 (4)\" aria-label=\"DSCF4690 (4)\" href=\"https:\/\/lottonen.com\/wp-content\/uploads\/2018\/04\/DSCF4690-4.jpg\" target=\"_self\"><img decoding=\"async\" width=\"320\" height=\"202\" src=\"https:\/\/lottonen.com\/wp-content\/uploads\/2018\/04\/DSCF4690-4-320x202.jpg\" class=\"attachment-blog-medium size-blog-medium\" alt=\"\" \/><\/a><\/div><\/div><\/div><div class=\"swiper-slide\"><div class=\"fusion-carousel-item-wrapper\"><div class=\"fusion-image-wrapper hover-type-none\"><a data-rel=\"iLightbox[image_carousel_1]\" data-title=\"DSCF4692\" aria-label=\"DSCF4692\" href=\"https:\/\/lottonen.com\/wp-content\/uploads\/2018\/04\/DSCF4692.jpg\" target=\"_self\"><img decoding=\"async\" width=\"320\" height=\"202\" src=\"https:\/\/lottonen.com\/wp-content\/uploads\/2018\/04\/DSCF4692-320x202.jpg\" class=\"attachment-blog-medium size-blog-medium\" alt=\"\" \/><\/a><\/div><\/div><\/div><div class=\"swiper-slide\"><div class=\"fusion-carousel-item-wrapper\"><div class=\"fusion-image-wrapper hover-type-none\"><a data-rel=\"iLightbox[image_carousel_1]\" data-title=\"DSCF4704\" aria-label=\"DSCF4704\" href=\"https:\/\/lottonen.com\/wp-content\/uploads\/2018\/04\/DSCF4704.jpg\" target=\"_self\"><img decoding=\"async\" width=\"320\" height=\"202\" src=\"https:\/\/lottonen.com\/wp-content\/uploads\/2018\/04\/DSCF4704-320x202.jpg\" class=\"attachment-blog-medium size-blog-medium\" alt=\"\" \/><\/a><\/div><\/div><\/div><div class=\"swiper-slide\"><div class=\"fusion-carousel-item-wrapper\"><div class=\"fusion-image-wrapper hover-type-none\"><a data-rel=\"iLightbox[image_carousel_1]\" data-title=\"DSCF4705\" aria-label=\"DSCF4705\" href=\"https:\/\/lottonen.com\/wp-content\/uploads\/2018\/04\/DSCF4705.jpg\" target=\"_self\"><img decoding=\"async\" width=\"320\" height=\"202\" src=\"https:\/\/lottonen.com\/wp-content\/uploads\/2018\/04\/DSCF4705-320x202.jpg\" class=\"attachment-blog-medium size-blog-medium\" alt=\"\" \/><\/a><\/div><\/div><\/div><\/div><div class=\"awb-swiper-button awb-swiper-button-prev\"><i class=\"awb-icon-angle-left\" aria-hidden=\"true\"><\/i><\/div><div class=\"awb-swiper-button awb-swiper-button-next\"><i class=\"awb-icon-angle-right\" aria-hidden=\"true\"><\/i><\/div><\/div><\/div><div class=\"fusion-clearfix\"><\/div><\/div><\/div><\/div><\/div>\n","protected":false},"excerpt":{"rendered":"","protected":false},"author":3,"featured_media":0,"parent":0,"menu_order":0,"comment_status":"closed","ping_status":"closed","template":"100-width.php","meta":{"footnotes":""},"class_list":["post-5743","page","type-page","status-publish","hentry"],"yoast_head":"<!-- This site is optimized with the Yoast SEO plugin v25.1 - https:\/\/yoast.com\/wordpress\/plugins\/seo\/ -->\n<title>Lottonen M | Lottonen Handmade Guitars<\/title>\n<meta name=\"robots\" content=\"index, follow, max-snippet:-1, max-image-preview:large, max-video-preview:-1\" \/>\n<link rel=\"canonical\" href=\"https:\/\/lottonen.com\/fi\/m\/\" \/>\n<meta property=\"og:locale\" content=\"fi_FI\" \/>\n<meta property=\"og:type\" content=\"article\" \/>\n<meta property=\"og:title\" content=\"Lottonen M | Lottonen Handmade Guitars\" \/>\n<meta property=\"og:url\" content=\"https:\/\/lottonen.com\/fi\/m\/\" \/>\n<meta property=\"og:site_name\" content=\"Lottonen Handmade Guitars\" \/>\n<meta property=\"article:modified_time\" content=\"2024-09-23T15:38:57+00:00\" \/>\n<meta property=\"og:image\" content=\"https:\/\/lottonen.com\/wp-content\/uploads\/2018\/04\/DSCF4692.jpg\" \/>\n<meta name=\"twitter:card\" content=\"summary_large_image\" \/>\n<meta name=\"twitter:label1\" content=\"Arvioitu lukuaika\" \/>\n\t<meta name=\"twitter:data1\" content=\"2 minuuttia\" \/>\n<script type=\"application\/ld+json\" class=\"yoast-schema-graph\">{\"@context\":\"https:\/\/schema.org\",\"@graph\":[{\"@type\":\"WebPage\",\"@id\":\"https:\/\/lottonen.com\/fi\/m\/\",\"url\":\"https:\/\/lottonen.com\/fi\/m\/\",\"name\":\"Lottonen M | Lottonen Handmade Guitars\",\"isPartOf\":{\"@id\":\"https:\/\/lottonen.com\/#website\"},\"primaryImageOfPage\":{\"@id\":\"https:\/\/lottonen.com\/fi\/m\/#primaryimage\"},\"image\":{\"@id\":\"https:\/\/lottonen.com\/fi\/m\/#primaryimage\"},\"thumbnailUrl\":\"https:\/\/lottonen.com\/wp-content\/uploads\/2018\/04\/DSCF4692.jpg\",\"datePublished\":\"2014-11-27T09:54:12+00:00\",\"dateModified\":\"2024-09-23T15:38:57+00:00\",\"breadcrumb\":{\"@id\":\"https:\/\/lottonen.com\/fi\/m\/#breadcrumb\"},\"inLanguage\":\"fi\",\"potentialAction\":[{\"@type\":\"ReadAction\",\"target\":[\"https:\/\/lottonen.com\/fi\/m\/\"]}]},{\"@type\":\"ImageObject\",\"inLanguage\":\"fi\",\"@id\":\"https:\/\/lottonen.com\/fi\/m\/#primaryimage\",\"url\":\"https:\/\/lottonen.com\/wp-content\/uploads\/2018\/04\/DSCF4692.jpg\",\"contentUrl\":\"https:\/\/lottonen.com\/wp-content\/uploads\/2018\/04\/DSCF4692.jpg\"},{\"@type\":\"BreadcrumbList\",\"@id\":\"https:\/\/lottonen.com\/fi\/m\/#breadcrumb\",\"itemListElement\":[{\"@type\":\"ListItem\",\"position\":1,\"name\":\"Etusivu\",\"item\":\"https:\/\/lottonen.com\/fi\/\"},{\"@type\":\"ListItem\",\"position\":2,\"name\":\"Lottonen M\"}]},{\"@type\":\"WebSite\",\"@id\":\"https:\/\/lottonen.com\/#website\",\"url\":\"https:\/\/lottonen.com\/\",\"name\":\"Lottonen Handmade Guitars\",\"description\":\"A lot of tone\",\"publisher\":{\"@id\":\"https:\/\/lottonen.com\/#organization\"},\"potentialAction\":[{\"@type\":\"SearchAction\",\"target\":{\"@type\":\"EntryPoint\",\"urlTemplate\":\"https:\/\/lottonen.com\/?s={search_term_string}\"},\"query-input\":{\"@type\":\"PropertyValueSpecification\",\"valueRequired\":true,\"valueName\":\"search_term_string\"}}],\"inLanguage\":\"fi\"},{\"@type\":\"Organization\",\"@id\":\"https:\/\/lottonen.com\/#organization\",\"name\":\"Lottonen Guitars Oy\",\"url\":\"https:\/\/lottonen.com\/\",\"logo\":{\"@type\":\"ImageObject\",\"inLanguage\":\"fi\",\"@id\":\"https:\/\/lottonen.com\/#\/schema\/logo\/image\/\",\"url\":\"https:\/\/lottonen.com\/wp-content\/uploads\/2014\/08\/Lottonen-logo1.png\",\"contentUrl\":\"https:\/\/lottonen.com\/wp-content\/uploads\/2014\/08\/Lottonen-logo1.png\",\"width\":374,\"height\":70,\"caption\":\"Lottonen Guitars Oy\"},\"image\":{\"@id\":\"https:\/\/lottonen.com\/#\/schema\/logo\/image\/\"}}]}<\/script>\n<!-- \/ Yoast SEO plugin. -->","yoast_head_json":{"title":"Lottonen M | Lottonen Handmade Guitars","robots":{"index":"index","follow":"follow","max-snippet":"max-snippet:-1","max-image-preview":"max-image-preview:large","max-video-preview":"max-video-preview:-1"},"canonical":"https:\/\/lottonen.com\/fi\/m\/","og_locale":"fi_FI","og_type":"article","og_title":"Lottonen M | Lottonen Handmade Guitars","og_url":"https:\/\/lottonen.com\/fi\/m\/","og_site_name":"Lottonen Handmade Guitars","article_modified_time":"2024-09-23T15:38:57+00:00","og_image":[{"url":"https:\/\/lottonen.com\/wp-content\/uploads\/2018\/04\/DSCF4692.jpg","type":"","width":"","height":""}],"twitter_card":"summary_large_image","twitter_misc":{"Arvioitu lukuaika":"2 minuuttia"},"schema":{"@context":"https:\/\/schema.org","@graph":[{"@type":"WebPage","@id":"https:\/\/lottonen.com\/fi\/m\/","url":"https:\/\/lottonen.com\/fi\/m\/","name":"Lottonen M | Lottonen Handmade Guitars","isPartOf":{"@id":"https:\/\/lottonen.com\/#website"},"primaryImageOfPage":{"@id":"https:\/\/lottonen.com\/fi\/m\/#primaryimage"},"image":{"@id":"https:\/\/lottonen.com\/fi\/m\/#primaryimage"},"thumbnailUrl":"https:\/\/lottonen.com\/wp-content\/uploads\/2018\/04\/DSCF4692.jpg","datePublished":"2014-11-27T09:54:12+00:00","dateModified":"2024-09-23T15:38:57+00:00","breadcrumb":{"@id":"https:\/\/lottonen.com\/fi\/m\/#breadcrumb"},"inLanguage":"fi","potentialAction":[{"@type":"ReadAction","target":["https:\/\/lottonen.com\/fi\/m\/"]}]},{"@type":"ImageObject","inLanguage":"fi","@id":"https:\/\/lottonen.com\/fi\/m\/#primaryimage","url":"https:\/\/lottonen.com\/wp-content\/uploads\/2018\/04\/DSCF4692.jpg","contentUrl":"https:\/\/lottonen.com\/wp-content\/uploads\/2018\/04\/DSCF4692.jpg"},{"@type":"BreadcrumbList","@id":"https:\/\/lottonen.com\/fi\/m\/#breadcrumb","itemListElement":[{"@type":"ListItem","position":1,"name":"Etusivu","item":"https:\/\/lottonen.com\/fi\/"},{"@type":"ListItem","position":2,"name":"Lottonen M"}]},{"@type":"WebSite","@id":"https:\/\/lottonen.com\/#website","url":"https:\/\/lottonen.com\/","name":"Lottonen Handmade Guitars","description":"A lot of tone","publisher":{"@id":"https:\/\/lottonen.com\/#organization"},"potentialAction":[{"@type":"SearchAction","target":{"@type":"EntryPoint","urlTemplate":"https:\/\/lottonen.com\/?s={search_term_string}"},"query-input":{"@type":"PropertyValueSpecification","valueRequired":true,"valueName":"search_term_string"}}],"inLanguage":"fi"},{"@type":"Organization","@id":"https:\/\/lottonen.com\/#organization","name":"Lottonen Guitars Oy","url":"https:\/\/lottonen.com\/","logo":{"@type":"ImageObject","inLanguage":"fi","@id":"https:\/\/lottonen.com\/#\/schema\/logo\/image\/","url":"https:\/\/lottonen.com\/wp-content\/uploads\/2014\/08\/Lottonen-logo1.png","contentUrl":"https:\/\/lottonen.com\/wp-content\/uploads\/2014\/08\/Lottonen-logo1.png","width":374,"height":70,"caption":"Lottonen Guitars Oy"},"image":{"@id":"https:\/\/lottonen.com\/#\/schema\/logo\/image\/"}}]}},"_links":{"self":[{"href":"https:\/\/lottonen.com\/fi\/wp-json\/wp\/v2\/pages\/5743","targetHints":{"allow":["GET"]}}],"collection":[{"href":"https:\/\/lottonen.com\/fi\/wp-json\/wp\/v2\/pages"}],"about":[{"href":"https:\/\/lottonen.com\/fi\/wp-json\/wp\/v2\/types\/page"}],"author":[{"embeddable":true,"href":"https:\/\/lottonen.com\/fi\/wp-json\/wp\/v2\/users\/3"}],"replies":[{"embeddable":true,"href":"https:\/\/lottonen.com\/fi\/wp-json\/wp\/v2\/comments?post=5743"}],"version-history":[{"count":24,"href":"https:\/\/lottonen.com\/fi\/wp-json\/wp\/v2\/pages\/5743\/revisions"}],"predecessor-version":[{"id":8037,"href":"https:\/\/lottonen.com\/fi\/wp-json\/wp\/v2\/pages\/5743\/revisions\/8037"}],"wp:attachment":[{"href":"https:\/\/lottonen.com\/fi\/wp-json\/wp\/v2\/media?parent=5743"}],"curies":[{"name":"wp","href":"https:\/\/api.w.org\/{rel}","templated":true}]}}