{"id":5755,"date":"2014-11-27T13:46:03","date_gmt":"2014-11-27T10:46:03","guid":{"rendered":"http:\/\/lottonen.com\/?page_id=5755"},"modified":"2024-08-09T16:11:06","modified_gmt":"2024-08-09T13:11:06","slug":"d","status":"publish","type":"page","link":"https:\/\/lottonen.com\/fi\/d\/","title":{"rendered":"Lottonen D"},"content":{"rendered":"<div class=\"fusion-fullwidth fullwidth-box fusion-builder-row-1 nonhundred-percent-fullwidth non-hundred-percent-height-scrolling\" style=\"--awb-background-position:left top;--awb-border-radius-top-left:0px;--awb-border-radius-top-right:0px;--awb-border-radius-bottom-right:0px;--awb-border-radius-bottom-left:0px;--awb-padding-top:0px;--awb-padding-bottom:20px;--awb-border-sizes-top:0px;--awb-border-sizes-bottom:0px;--awb-flex-wrap:wrap;\" ><div class=\"fusion-builder-row fusion-row\">\n<h1 style=\"text-align: center;\">Lottonen D<\/h1>\n<h3 style=\"text-align: center;\">Voimakas\u00e4\u00e4ninen bluegrass -soitin, joka on tasapainoinen koko \u00e4\u00e4nialaltaan. D-malli on saatavilla my\u00f6s 12 -nauhaisena versiona.\u00a0Erilaiset materiaali- ja viimeistelyvaihtoehdot mahdollisia.<\/h3>\n<div class=\"fusion-layout-column fusion_builder_column fusion-builder-column-0 fusion_builder_column_1_2 1_2 fusion-one-half fusion-column-first\" style=\"--awb-bg-size:cover;width:50%;width:calc(50% - ( ( 4% ) * 0.5 ) );margin-right: 4%;\"><div class=\"fusion-column-wrapper fusion-flex-column-wrapper-legacy\"> <div class=\"fusion-image-element fusion-image-align-center in-legacy-container\" style=\"text-align:center;--awb-bottom-shadow-color:rgba(0,0,0,0.4);--awb-caption-title-font-family:var(--h2_typography-font-family);--awb-caption-title-font-weight:var(--h2_typography-font-weight);--awb-caption-title-font-style:var(--h2_typography-font-style);--awb-caption-title-size:var(--h2_typography-font-size);--awb-caption-title-transform:var(--h2_typography-text-transform);--awb-caption-title-line-height:var(--h2_typography-line-height);--awb-caption-title-letter-spacing:var(--h2_typography-letter-spacing);\"><div class=\"imageframe-align-center\"><div class=\"awb-image-frame awb-image-frame-1 awb-bottomshadow\"><span class=\" fusion-imageframe imageframe-bottomshadow imageframe-1 hover-type-none\"><img decoding=\"async\" width=\"1024\" height=\"815\" alt=\"DSC_6109\" title=\"DSC_6109\" src=\"https:\/\/lottonen.com\/wp-content\/uploads\/2015\/03\/DSC_6109-1024x815.jpg\" class=\"img-responsive wp-image-7826\" srcset=\"https:\/\/lottonen.com\/wp-content\/uploads\/2015\/03\/DSC_6109-300x238.jpg 300w, https:\/\/lottonen.com\/wp-content\/uploads\/2015\/03\/DSC_6109-1024x815.jpg 1024w\" sizes=\"(max-width: 1024px) 100vw, 1024px\" \/><\/span><svg xmlns=\"http:\/\/www.w3.org\/2000\/svg\" version=\"1.1\" width=\"100%\" viewBox=\"0 0 600 28\" preserveAspectRatio=\"none\"><g clip-path=\"url(#a)\"><mask id=\"b\" style=\"mask-type:luminance\" maskUnits=\"userSpaceOnUse\" x=\"0\" y=\"0\" width=\"600\" height=\"28\"><path d=\"M0 0h600v28H0V0Z\" fill=\"#fff\"\/><\/mask><g filter=\"url(#c)\" mask=\"url(#b)\"><path d=\"M16.439-18.667h567.123v30.8S438.961-8.4 300-8.4C161.04-8.4 16.438 12.133 16.438 12.133v-30.8Z\" fill=\"#000\"\/><\/g><\/g><defs><clipPath id=\"a\"><path fill=\"#fff\" d=\"M0 0h600v28H0z\"\/><\/clipPath><filter id=\"c\" x=\"5.438\" y=\"-29.667\" width=\"589.123\" height=\"52.8\" filterUnits=\"userSpaceOnUse\" color-interpolation-filters=\"sRGB\"><feFlood flood-opacity=\"0\" result=\"BackgroundImageFix\"\/><feBlend in=\"SourceGraphic\" in2=\"BackgroundImageFix\" result=\"shape\"\/><feGaussianBlur stdDeviation=\"5.5\" result=\"effect1_foregroundBlur_3983_183\"\/><\/filter><\/defs><\/svg><\/div><\/div><\/div>\n<div class=\"fusion-clearfix\"><\/div><\/div><\/div> <div class=\"fusion-layout-column fusion_builder_column fusion-builder-column-1 fusion_builder_column_1_2 1_2 fusion-one-half fusion-column-last\" style=\"--awb-bg-size:cover;width:50%;width:calc(50% - ( ( 4% ) * 0.5 ) );\"><div class=\"fusion-column-wrapper fusion-flex-column-wrapper-legacy\">\n<h3 class=\"p1\">Mitat ja materiaalit:<\/h3>\n<p class=\"p1\"><strong>Kansi:<\/strong>\u00a0Kokokuusi<br \/>\n<strong>Pohja ja sivut:<\/strong>\u00a0Mahonki tai Intian ruusupuu<br \/>\n<strong>Kopan listat:<\/strong>\u00a0X -rimoitus<br \/>\n<strong>Kopan reunalistat:<\/strong>\u00a0Intian ruusupuu, jalava<br \/>\n<strong>Kaula:<\/strong>\u00a0Lepp\u00e4\u00a0<strong>Otelauta:<\/strong>\u00a0Intian ruusupuu<br \/>\n<strong>Otelaudan reunalista:<\/strong>\u00a0&#8211;<br \/>\n<strong>Talla:<\/strong>\u00a0Intian ruusupuu<br \/>\n<strong>Satula ja tallan luu:<\/strong>\u00a0Valkaisematon luu<br \/>\n<strong>Kielipinnit:<\/strong>\u00a0Luu<br \/>\n<strong>Kannen suojalevy:<\/strong>\u00a0Tortoise<br \/>\n<strong>Virityskoneisto:<\/strong>\u00a0Gotoh, Schaller<br \/>\n<strong>Skaalan pituus:<\/strong>\u00a0645 mm<br \/>\n<strong>Otelaudan leveys:<\/strong>\u00a043 mm<br \/>\n<strong>Kaulan ja kopan liitos:<\/strong>\u00a0Pyrst\u00f6liitos<br \/>\n<strong>Kopan pituus:<\/strong>\u00a0508 mm<br \/>\n<strong>Kopan syvyys:<\/strong>\u00a0100\/124 mm<br \/>\n<strong>Kopan alaleveys:<\/strong>\u00a0397 mm<br \/>\n<strong>Uuman leveys:<\/strong>\u00a0&#8211;<br \/>\n<strong>Kopan yl\u00e4leveys:<\/strong>\u00a0292 mm<br \/>\n<strong>Pintak\u00e4sittely:<\/strong>\u00a0Nitroselluloosalakka<\/p>\n<h3 class=\"p1\">Hinnat alkaen:<\/h3>\n<p class=\"p1\"><strong>Lottonen D:<\/strong>\u00a03.600 \u20ac<\/p>\n<div class=\"fusion-clearfix\"><\/div><\/div><\/div>\n<div class=\"fusion-layout-column fusion_builder_column fusion-builder-column-2 fusion_builder_column_1_1 1_1 fusion-one-full fusion-column-first fusion-column-last fusion-column-no-min-height\" style=\"--awb-bg-size:cover;--awb-margin-bottom:0px;\"><div class=\"fusion-column-wrapper fusion-flex-column-wrapper-legacy\"><div class=\"fusion-image-carousel fusion-image-carousel-fixed fusion-image-carousel-1 lightbox-enabled fusion-carousel-border\"><div class=\"awb-carousel awb-swiper awb-swiper-carousel\" data-autoplay=\"no\" data-columns=\"5\" data-itemmargin=\"13\" data-itemwidth=\"180\" data-touchscroll=\"no\" data-imagesize=\"fixed\"><div class=\"swiper-wrapper awb-image-carousel-wrapper fusion-flex-align-items-center\"><div class=\"swiper-slide\"><div class=\"fusion-carousel-item-wrapper\"><div class=\"fusion-image-wrapper hover-type-none\"><a data-rel=\"iLightbox[image_carousel_1]\" data-title=\"kit3\" aria-label=\"kit3\" href=\"https:\/\/lottonen.com\/wp-content\/uploads\/2014\/11\/kit3.png\" target=\"_self\"><img decoding=\"async\" width=\"320\" height=\"202\" src=\"https:\/\/lottonen.com\/wp-content\/uploads\/2014\/11\/kit3-320x202.png\" class=\"attachment-blog-medium size-blog-medium\" alt=\"\" \/><\/a><\/div><\/div><\/div><\/div><div class=\"awb-swiper-button awb-swiper-button-prev\"><i class=\"awb-icon-angle-left\" aria-hidden=\"true\"><\/i><\/div><div class=\"awb-swiper-button awb-swiper-button-next\"><i class=\"awb-icon-angle-right\" aria-hidden=\"true\"><\/i><\/div><\/div><\/div>\n<div class=\"fusion-clearfix\"><\/div><\/div><\/div><\/div><\/div>\n","protected":false},"excerpt":{"rendered":"","protected":false},"author":3,"featured_media":0,"parent":0,"menu_order":0,"comment_status":"closed","ping_status":"closed","template":"100-width.php","meta":{"footnotes":""},"class_list":["post-5755","page","type-page","status-publish","hentry"],"yoast_head":"<!-- This site is optimized with the Yoast SEO plugin v25.1 - https:\/\/yoast.com\/wordpress\/plugins\/seo\/ -->\n<title>Lottonen D | Lottonen Handmade Guitars<\/title>\n<meta name=\"robots\" content=\"index, follow, max-snippet:-1, max-image-preview:large, max-video-preview:-1\" \/>\n<link rel=\"canonical\" href=\"https:\/\/lottonen.com\/d\/\" \/>\n<meta property=\"og:locale\" content=\"fi_FI\" \/>\n<meta property=\"og:type\" content=\"article\" \/>\n<meta property=\"og:title\" content=\"Lottonen D | Lottonen Handmade Guitars\" \/>\n<meta property=\"og:url\" content=\"https:\/\/lottonen.com\/d\/\" \/>\n<meta property=\"og:site_name\" content=\"Lottonen Handmade Guitars\" \/>\n<meta property=\"article:modified_time\" content=\"2024-08-09T13:11:06+00:00\" \/>\n<meta property=\"og:image\" content=\"https:\/\/lottonen.com\/wp-content\/uploads\/2015\/03\/DSC_6109-1024x815.jpg\" \/>\n<meta name=\"twitter:card\" content=\"summary_large_image\" \/>\n<meta name=\"twitter:label1\" content=\"Arvioitu lukuaika\" \/>\n\t<meta name=\"twitter:data1\" content=\"1 minuutti\" \/>\n<script type=\"application\/ld+json\" class=\"yoast-schema-graph\">{\"@context\":\"https:\/\/schema.org\",\"@graph\":[{\"@type\":\"WebPage\",\"@id\":\"https:\/\/lottonen.com\/d\/\",\"url\":\"https:\/\/lottonen.com\/d\/\",\"name\":\"Lottonen D | Lottonen Handmade Guitars\",\"isPartOf\":{\"@id\":\"https:\/\/lottonen.com\/#website\"},\"primaryImageOfPage\":{\"@id\":\"https:\/\/lottonen.com\/d\/#primaryimage\"},\"image\":{\"@id\":\"https:\/\/lottonen.com\/d\/#primaryimage\"},\"thumbnailUrl\":\"https:\/\/lottonen.com\/wp-content\/uploads\/2015\/03\/DSC_6109-1024x815.jpg\",\"datePublished\":\"2014-11-27T10:46:03+00:00\",\"dateModified\":\"2024-08-09T13:11:06+00:00\",\"breadcrumb\":{\"@id\":\"https:\/\/lottonen.com\/d\/#breadcrumb\"},\"inLanguage\":\"fi\",\"potentialAction\":[{\"@type\":\"ReadAction\",\"target\":[\"https:\/\/lottonen.com\/d\/\"]}]},{\"@type\":\"ImageObject\",\"inLanguage\":\"fi\",\"@id\":\"https:\/\/lottonen.com\/d\/#primaryimage\",\"url\":\"https:\/\/lottonen.com\/wp-content\/uploads\/2015\/03\/DSC_6109-1024x815.jpg\",\"contentUrl\":\"https:\/\/lottonen.com\/wp-content\/uploads\/2015\/03\/DSC_6109-1024x815.jpg\"},{\"@type\":\"BreadcrumbList\",\"@id\":\"https:\/\/lottonen.com\/d\/#breadcrumb\",\"itemListElement\":[{\"@type\":\"ListItem\",\"position\":1,\"name\":\"Etusivu\",\"item\":\"https:\/\/lottonen.com\/fi\/\"},{\"@type\":\"ListItem\",\"position\":2,\"name\":\"Lottonen D\"}]},{\"@type\":\"WebSite\",\"@id\":\"https:\/\/lottonen.com\/#website\",\"url\":\"https:\/\/lottonen.com\/\",\"name\":\"Lottonen Handmade Guitars\",\"description\":\"A lot of tone\",\"publisher\":{\"@id\":\"https:\/\/lottonen.com\/#organization\"},\"potentialAction\":[{\"@type\":\"SearchAction\",\"target\":{\"@type\":\"EntryPoint\",\"urlTemplate\":\"https:\/\/lottonen.com\/?s={search_term_string}\"},\"query-input\":{\"@type\":\"PropertyValueSpecification\",\"valueRequired\":true,\"valueName\":\"search_term_string\"}}],\"inLanguage\":\"fi\"},{\"@type\":\"Organization\",\"@id\":\"https:\/\/lottonen.com\/#organization\",\"name\":\"Lottonen Guitars Oy\",\"url\":\"https:\/\/lottonen.com\/\",\"logo\":{\"@type\":\"ImageObject\",\"inLanguage\":\"fi\",\"@id\":\"https:\/\/lottonen.com\/#\/schema\/logo\/image\/\",\"url\":\"https:\/\/lottonen.com\/wp-content\/uploads\/2014\/08\/Lottonen-logo1.png\",\"contentUrl\":\"https:\/\/lottonen.com\/wp-content\/uploads\/2014\/08\/Lottonen-logo1.png\",\"width\":374,\"height\":70,\"caption\":\"Lottonen Guitars Oy\"},\"image\":{\"@id\":\"https:\/\/lottonen.com\/#\/schema\/logo\/image\/\"}}]}<\/script>\n<!-- \/ Yoast SEO plugin. -->","yoast_head_json":{"title":"Lottonen D | Lottonen Handmade Guitars","robots":{"index":"index","follow":"follow","max-snippet":"max-snippet:-1","max-image-preview":"max-image-preview:large","max-video-preview":"max-video-preview:-1"},"canonical":"https:\/\/lottonen.com\/d\/","og_locale":"fi_FI","og_type":"article","og_title":"Lottonen D | Lottonen Handmade Guitars","og_url":"https:\/\/lottonen.com\/d\/","og_site_name":"Lottonen Handmade Guitars","article_modified_time":"2024-08-09T13:11:06+00:00","og_image":[{"url":"https:\/\/lottonen.com\/wp-content\/uploads\/2015\/03\/DSC_6109-1024x815.jpg","type":"","width":"","height":""}],"twitter_card":"summary_large_image","twitter_misc":{"Arvioitu lukuaika":"1 minuutti"},"schema":{"@context":"https:\/\/schema.org","@graph":[{"@type":"WebPage","@id":"https:\/\/lottonen.com\/d\/","url":"https:\/\/lottonen.com\/d\/","name":"Lottonen D | Lottonen Handmade Guitars","isPartOf":{"@id":"https:\/\/lottonen.com\/#website"},"primaryImageOfPage":{"@id":"https:\/\/lottonen.com\/d\/#primaryimage"},"image":{"@id":"https:\/\/lottonen.com\/d\/#primaryimage"},"thumbnailUrl":"https:\/\/lottonen.com\/wp-content\/uploads\/2015\/03\/DSC_6109-1024x815.jpg","datePublished":"2014-11-27T10:46:03+00:00","dateModified":"2024-08-09T13:11:06+00:00","breadcrumb":{"@id":"https:\/\/lottonen.com\/d\/#breadcrumb"},"inLanguage":"fi","potentialAction":[{"@type":"ReadAction","target":["https:\/\/lottonen.com\/d\/"]}]},{"@type":"ImageObject","inLanguage":"fi","@id":"https:\/\/lottonen.com\/d\/#primaryimage","url":"https:\/\/lottonen.com\/wp-content\/uploads\/2015\/03\/DSC_6109-1024x815.jpg","contentUrl":"https:\/\/lottonen.com\/wp-content\/uploads\/2015\/03\/DSC_6109-1024x815.jpg"},{"@type":"BreadcrumbList","@id":"https:\/\/lottonen.com\/d\/#breadcrumb","itemListElement":[{"@type":"ListItem","position":1,"name":"Etusivu","item":"https:\/\/lottonen.com\/fi\/"},{"@type":"ListItem","position":2,"name":"Lottonen D"}]},{"@type":"WebSite","@id":"https:\/\/lottonen.com\/#website","url":"https:\/\/lottonen.com\/","name":"Lottonen Handmade Guitars","description":"A lot of tone","publisher":{"@id":"https:\/\/lottonen.com\/#organization"},"potentialAction":[{"@type":"SearchAction","target":{"@type":"EntryPoint","urlTemplate":"https:\/\/lottonen.com\/?s={search_term_string}"},"query-input":{"@type":"PropertyValueSpecification","valueRequired":true,"valueName":"search_term_string"}}],"inLanguage":"fi"},{"@type":"Organization","@id":"https:\/\/lottonen.com\/#organization","name":"Lottonen Guitars Oy","url":"https:\/\/lottonen.com\/","logo":{"@type":"ImageObject","inLanguage":"fi","@id":"https:\/\/lottonen.com\/#\/schema\/logo\/image\/","url":"https:\/\/lottonen.com\/wp-content\/uploads\/2014\/08\/Lottonen-logo1.png","contentUrl":"https:\/\/lottonen.com\/wp-content\/uploads\/2014\/08\/Lottonen-logo1.png","width":374,"height":70,"caption":"Lottonen Guitars Oy"},"image":{"@id":"https:\/\/lottonen.com\/#\/schema\/logo\/image\/"}}]}},"_links":{"self":[{"href":"https:\/\/lottonen.com\/fi\/wp-json\/wp\/v2\/pages\/5755","targetHints":{"allow":["GET"]}}],"collection":[{"href":"https:\/\/lottonen.com\/fi\/wp-json\/wp\/v2\/pages"}],"about":[{"href":"https:\/\/lottonen.com\/fi\/wp-json\/wp\/v2\/types\/page"}],"author":[{"embeddable":true,"href":"https:\/\/lottonen.com\/fi\/wp-json\/wp\/v2\/users\/3"}],"replies":[{"embeddable":true,"href":"https:\/\/lottonen.com\/fi\/wp-json\/wp\/v2\/comments?post=5755"}],"version-history":[{"count":14,"href":"https:\/\/lottonen.com\/fi\/wp-json\/wp\/v2\/pages\/5755\/revisions"}],"predecessor-version":[{"id":7517,"href":"https:\/\/lottonen.com\/fi\/wp-json\/wp\/v2\/pages\/5755\/revisions\/7517"}],"wp:attachment":[{"href":"https:\/\/lottonen.com\/fi\/wp-json\/wp\/v2\/media?parent=5755"}],"curies":[{"name":"wp","href":"https:\/\/api.w.org\/{rel}","templated":true}]}}