{"id":6681,"date":"2015-10-16T11:32:35","date_gmt":"2015-10-16T08:32:35","guid":{"rendered":"http:\/\/lottonen.com\/?page_id=6681"},"modified":"2024-09-23T17:48:07","modified_gmt":"2024-09-23T14:48:07","slug":"model-lr-00","status":"publish","type":"page","link":"https:\/\/lottonen.com\/fi\/model-lr-00\/","title":{"rendered":"Lottonen LR-00"},"content":{"rendered":"<p><div class=\"fusion-fullwidth fullwidth-box fusion-builder-row-1 nonhundred-percent-fullwidth non-hundred-percent-height-scrolling\" style=\"--awb-background-position:left top;--awb-border-sizes-top:0px;--awb-border-sizes-bottom:0px;--awb-border-sizes-left:0px;--awb-border-sizes-right:0px;--awb-border-radius-top-left:0px;--awb-border-radius-top-right:0px;--awb-border-radius-bottom-right:0px;--awb-border-radius-bottom-left:0px;--awb-padding-top:0px;--awb-padding-bottom:0px;--awb-flex-wrap:wrap;\" ><div class=\"fusion-builder-row fusion-row\"><div class=\"fusion-layout-column fusion_builder_column fusion-builder-column-0 fusion_builder_column_1_1 1_1 fusion-one-full fusion-column-first fusion-column-last fusion-column-no-min-height\" style=\"--awb-bg-size:cover;--awb-margin-bottom:0px;\"><div class=\"fusion-column-wrapper fusion-flex-column-wrapper-legacy\"><div class=\"fusion-text fusion-text-1\"><h1 style=\"text-align: center;\">Lottonen LR-00<\/h1>\n<\/div><div class=\"fusion-image-element fusion-image-align-center in-legacy-container\" style=\"text-align:center;--awb-margin-bottom:30px;--awb-caption-title-font-family:var(--h2_typography-font-family);--awb-caption-title-font-weight:var(--h2_typography-font-weight);--awb-caption-title-font-style:var(--h2_typography-font-style);--awb-caption-title-size:var(--h2_typography-font-size);--awb-caption-title-transform:var(--h2_typography-text-transform);--awb-caption-title-line-height:var(--h2_typography-line-height);--awb-caption-title-letter-spacing:var(--h2_typography-letter-spacing);\"><div class=\"imageframe-align-center\"><span class=\" fusion-imageframe imageframe-none imageframe-1 hover-type-none\"><img decoding=\"async\" width=\"2914\" height=\"1720\" title=\"DSC_3688 &#8211; Version 2\" src=\"https:\/\/lottonen.com\/wp-content\/uploads\/2016\/10\/DSC_3688.jpg\" alt class=\"img-responsive wp-image-7914\" srcset=\"https:\/\/lottonen.com\/wp-content\/uploads\/2016\/10\/DSC_3688-300x177.jpg 300w, https:\/\/lottonen.com\/wp-content\/uploads\/2016\/10\/DSC_3688-1024x604.jpg 1024w, https:\/\/lottonen.com\/wp-content\/uploads\/2016\/10\/DSC_3688.jpg 2914w\" sizes=\"(max-width: 2914px) 100vw, 2914px\" \/><\/span><\/div><\/div><div class=\"fusion-text fusion-text-2\"><h3 style=\"text-align: center;\">Lottonen LR-00 esittelee 1930 -luvun perinteit\u00e4 modernilla tavalla. Soitin on vahva laajalla \u00e4\u00e4nialueella. Kaulan ja kopan liitos on 13. nauhan kohdalla, mill\u00e4 on vaikutuksensa \u00e4\u00e4neen ja soitettavuuteen: talla siirtyy l\u00e4hemm\u00e4s kopan alaosan keski\u00f6t\u00e4 tehostaen siten v\u00e4r\u00e4htely\u00e4. Soitin on lis\u00e4ksi kompaktin kokoinen huolimatta normaalista skaalan pituudesta.<\/h3>\n<p class=\"p1\">\n<\/div><div class=\"fusion-clearfix\"><\/div><\/div><\/div><div class=\"fusion-layout-column fusion_builder_column fusion-builder-column-1 fusion_builder_column_1_2 1_2 fusion-one-half fusion-column-first\" style=\"--awb-bg-size:cover;width:48%; margin-right: 4%;\"><div class=\"fusion-column-wrapper fusion-flex-column-wrapper-legacy\"><div class=\"fusion-text fusion-text-3\"><p class=\"p1\"><img decoding=\"async\" class=\"alignnone size-full wp-image-6685\" src=\"https:\/\/lottonen.com\/wp-content\/uploads\/2016\/10\/DSC_3657.jpg\" alt=\"\" width=\"450\" height=\"\" \/><\/p>\n<p class=\"p1\">\n<\/div><div class=\"fusion-clearfix\"><\/div><\/div><\/div><div class=\"fusion-layout-column fusion_builder_column fusion-builder-column-2 fusion_builder_column_1_2 1_2 fusion-one-half fusion-column-last\" style=\"--awb-bg-size:cover;width:48%;\"><div class=\"fusion-column-wrapper fusion-flex-column-wrapper-legacy\"><div class=\"fusion-text fusion-text-4\"><h3 class=\"p1\">Mitat ja materiaalit:<\/h3>\n<p><strong>Kansi:\u00a0<\/strong>Kuusi<br \/>\n<strong>Pohja ja sivut:\u00a0<\/strong>Mahonki<br \/>\n<strong>Kopan listat:\u00a0<\/strong>X -rimoitus<br \/>\n<strong>Kopan reunalistat:\u00a0<\/strong>Intian ruusupuu<br \/>\n<strong>Kaula:\u00a0<\/strong>Lepp\u00e4<br \/>\n<strong>Otelauta:\u00a0<\/strong>Macassar eebenpuu<br \/>\nOtelaudan reunalista:\u00a0\u2013<br \/>\n<strong>Talla:\u00a0<\/strong>Macassar eebenpuu<br \/>\n<strong>Satula ja tallan luu:\u00a0<\/strong>Valkaisematon luu<br \/>\n<strong>Kielipinnit:\u00a0<\/strong>Luu<br \/>\n<strong>Kannen suojalevy:\u00a0<\/strong>Tortoise<br \/>\n<strong>Virityskoneisto:\u00a0<\/strong>Gotoh, Schaller<br \/>\n<strong>Skaalan pituus:\u00a0<\/strong>645 mm<br \/>\n<strong>Otelaudan leveys:\u00a0<\/strong>43 mm<br \/>\n<strong>Kaulan ja kopan liitos:\u00a0<\/strong>Pulteilla<br \/>\n<strong>Kopan pituus:\u00a0<\/strong>486 mm<br \/>\n<strong>Kopan syvyys:\u00a0<\/strong>88\/110 mm<br \/>\n<strong>Kopan alaleveys:\u00a0<\/strong>366 mm<br \/>\n<strong>Uuman leveys:\u00a0<\/strong>221 mm<br \/>\n<strong>Kopan yl\u00e4leveys:<\/strong>\u00a0262 mm<br \/>\n<strong>Liima:<\/strong> Nahkaliima<br \/>\n<strong>Kopan pintak\u00e4sittely:\u00a0<\/strong>Nitroselluloosalakka<br \/>\n<strong>Kaulan pintakasittely:<\/strong> Nitroselluloosalakka ja Tru-Oil<\/p>\n<h3 class=\"p1\">Hinnat alkaen:<\/h3>\n<p class=\"p1\"><strong>Lottonen LR-00:<\/strong>\u00a04.200 \u20ac<\/p>\n<\/div><div class=\"fusion-clearfix\"><\/div><\/div><\/div><\/div><\/div><div class=\"fusion-fullwidth fullwidth-box fusion-builder-row-2 hundred-percent-fullwidth non-hundred-percent-height-scrolling\" style=\"--awb-border-radius-top-left:0px;--awb-border-radius-top-right:0px;--awb-border-radius-bottom-right:0px;--awb-border-radius-bottom-left:0px;--awb-overflow:visible;--awb-padding-right:20px;--awb-padding-left:20px;--awb-flex-wrap:wrap;\" ><div class=\"fusion-builder-row fusion-row\"><div class=\"fusion-layout-column fusion_builder_column fusion-builder-column-3 fusion_builder_column_1_1 1_1 fusion-one-full fusion-column-first fusion-column-last fusion-column-no-min-height\" style=\"--awb-bg-size:cover;--awb-margin-bottom:0px;\"><div class=\"fusion-column-wrapper fusion-flex-column-wrapper-legacy\"><div class=\"fusion-text fusion-text-5\"><p class=\"p1\">\n<\/div><div class=\"fusion-clearfix\"><\/div><\/div><\/div><\/div><\/div><div class=\"fusion-fullwidth fullwidth-box fusion-builder-row-3 nonhundred-percent-fullwidth non-hundred-percent-height-scrolling\" style=\"--awb-background-position:left top;--awb-border-sizes-top:0px;--awb-border-sizes-bottom:0px;--awb-border-sizes-left:0px;--awb-border-sizes-right:0px;--awb-border-radius-top-left:0px;--awb-border-radius-top-right:0px;--awb-border-radius-bottom-right:0px;--awb-border-radius-bottom-left:0px;--awb-padding-top:20px;--awb-padding-bottom:20px;--awb-background-color:#a9a294;--awb-flex-wrap:wrap;\" ><div class=\"fusion-builder-row fusion-row\"><div class=\"fusion-layout-column fusion_builder_column fusion-builder-column-4 fusion_builder_column_1_1 1_1 fusion-one-full fusion-column-first fusion-column-last fusion-column-no-min-height\" style=\"--awb-bg-size:cover;--awb-margin-bottom:0px;\"><div class=\"fusion-column-wrapper fusion-flex-column-wrapper-legacy\"><div class=\"fusion-text fusion-text-6\"><h3>Videot ja \u00e4\u00e4nin\u00e4ytteet:<\/h3>\n<\/div><div class=\"fusion-clearfix\"><\/div><\/div><\/div><div class=\"fusion-layout-column fusion_builder_column fusion-builder-column-5 fusion_builder_column_1_2 1_2 fusion-one-half fusion-column-first\" style=\"--awb-bg-size:cover;width:48%; margin-right: 4%;\"><div class=\"fusion-column-wrapper fusion-flex-column-wrapper-legacy\"><div class=\"fusion-text fusion-text-7\"><h2>LR-00 &amp; P-6X<\/h2>\n<\/div><div class=\"fusion-video fusion-youtube\" style=\"--awb-max-width:588px;--awb-max-height:348px;\"><div class=\"video-shortcode\"><div class=\"fluid-width-video-wrapper\" style=\"padding-top:59.18%;\" ><iframe title=\"YouTube video player 1\" src=\"https:\/\/www.youtube.com\/embed\/Ic0nI5atY0Y?wmode=transparent&autoplay=0&amp;rel=0 \" width=\"588\" height=\"348\" allowfullscreen allow=\"autoplay; fullscreen\"><\/iframe><\/div><\/div><\/div><div class=\"fusion-clearfix\"><\/div><\/div><\/div><\/div><\/div><div class=\"fusion-fullwidth fullwidth-box fusion-builder-row-4 nonhundred-percent-fullwidth non-hundred-percent-height-scrolling\" style=\"--awb-background-position:left top;--awb-border-sizes-top:0px;--awb-border-sizes-bottom:0px;--awb-border-sizes-left:0px;--awb-border-sizes-right:0px;--awb-border-radius-top-left:0px;--awb-border-radius-top-right:0px;--awb-border-radius-bottom-right:0px;--awb-border-radius-bottom-left:0px;--awb-padding-top:20px;--awb-padding-bottom:20px;--awb-background-color:#f3e9e0;--awb-flex-wrap:wrap;\" ><div class=\"fusion-builder-row fusion-row\"><div class=\"fusion-layout-column fusion_builder_column fusion-builder-column-6 fusion_builder_column_1_1 1_1 fusion-one-full fusion-column-first fusion-column-last fusion-column-no-min-height\" style=\"--awb-bg-size:cover;--awb-margin-bottom:0px;\"><div class=\"fusion-column-wrapper fusion-flex-column-wrapper-legacy\"><div class=\"fusion-text fusion-text-8\"><h3>Kuvat:<\/h3>\n<\/div><div class=\"fusion-clearfix\"><\/div><\/div><\/div><div class=\"fusion-layout-column fusion_builder_column fusion-builder-column-7 fusion_builder_column_1_1 1_1 fusion-one-full fusion-column-first fusion-column-last fusion-column-no-min-height\" style=\"--awb-bg-size:cover;--awb-margin-bottom:0px;\"><div class=\"fusion-column-wrapper fusion-flex-column-wrapper-legacy\"><div class=\"fusion-image-carousel fusion-image-carousel-fixed fusion-image-carousel-1 lightbox-enabled fusion-carousel-border\"><div class=\"awb-carousel awb-swiper awb-swiper-carousel\" data-autoplay=\"no\" data-columns=\"5\" data-itemmargin=\"13\" data-itemwidth=\"180\" data-touchscroll=\"no\" data-imagesize=\"fixed\"><div class=\"swiper-wrapper awb-image-carousel-wrapper fusion-flex-align-items-center\"><div class=\"swiper-slide\"><div class=\"fusion-carousel-item-wrapper\"><div class=\"fusion-image-wrapper hover-type-none\"><a data-rel=\"iLightbox[image_carousel_1]\" data-title=\"DSC_3678\" aria-label=\"DSC_3678\" href=\"https:\/\/lottonen.com\/wp-content\/uploads\/2016\/10\/DSC_3678.jpg\" target=\"_self\"><img decoding=\"async\" width=\"320\" height=\"202\" src=\"https:\/\/lottonen.com\/wp-content\/uploads\/2016\/10\/DSC_3678-320x202.jpg\" class=\"attachment-blog-medium size-blog-medium\" alt=\"\" \/><\/a><\/div><\/div><\/div><div class=\"swiper-slide\"><div class=\"fusion-carousel-item-wrapper\"><div class=\"fusion-image-wrapper hover-type-none\"><a data-rel=\"iLightbox[image_carousel_1]\" data-title=\"DSC_3657\" aria-label=\"DSC_3657\" href=\"https:\/\/lottonen.com\/wp-content\/uploads\/2016\/10\/DSC_3657.jpg\" target=\"_self\"><img decoding=\"async\" width=\"320\" height=\"202\" src=\"https:\/\/lottonen.com\/wp-content\/uploads\/2016\/10\/DSC_3657-320x202.jpg\" class=\"attachment-blog-medium size-blog-medium\" alt=\"\" \/><\/a><\/div><\/div><\/div><div class=\"swiper-slide\"><div class=\"fusion-carousel-item-wrapper\"><div class=\"fusion-image-wrapper hover-type-none\"><a data-rel=\"iLightbox[image_carousel_1]\" data-title=\"LR_00_Back1\" aria-label=\"LR_00_Back1\" href=\"https:\/\/lottonen.com\/wp-content\/uploads\/2015\/10\/LR_00_Back1-846x1024.jpg\" target=\"_self\"><img decoding=\"async\" width=\"320\" height=\"202\" src=\"https:\/\/lottonen.com\/wp-content\/uploads\/2015\/10\/LR_00_Back1-320x202.jpg\" class=\"attachment-blog-medium size-blog-medium\" alt=\"\" \/><\/a><\/div><\/div><\/div><div class=\"swiper-slide\"><div class=\"fusion-carousel-item-wrapper\"><div class=\"fusion-image-wrapper hover-type-none\"><a data-rel=\"iLightbox[image_carousel_1]\" data-title=\"LR_00_Close1\" aria-label=\"LR_00_Close1\" href=\"https:\/\/lottonen.com\/wp-content\/uploads\/2015\/10\/LR_00_Close1-768x1024.jpg\" target=\"_self\"><img decoding=\"async\" width=\"320\" height=\"202\" src=\"https:\/\/lottonen.com\/wp-content\/uploads\/2015\/10\/LR_00_Close1-320x202.jpg\" class=\"attachment-blog-medium size-blog-medium\" alt=\"\" \/><\/a><\/div><\/div><\/div><div class=\"swiper-slide\"><div class=\"fusion-carousel-item-wrapper\"><div class=\"fusion-image-wrapper hover-type-none\"><a data-rel=\"iLightbox[image_carousel_1]\" data-title=\"LR00_vaaka\" aria-label=\"LR00_vaaka\" href=\"https:\/\/lottonen.com\/wp-content\/uploads\/2015\/10\/LR00_vaaka.png\" target=\"_self\"><img decoding=\"async\" width=\"320\" height=\"202\" src=\"https:\/\/lottonen.com\/wp-content\/uploads\/2015\/10\/LR00_vaaka-320x202.png\" class=\"attachment-blog-medium size-blog-medium\" alt=\"\" \/><\/a><\/div><\/div><\/div><\/div><div class=\"awb-swiper-button awb-swiper-button-prev\"><i class=\"awb-icon-angle-left\" aria-hidden=\"true\"><\/i><\/div><div class=\"awb-swiper-button awb-swiper-button-next\"><i class=\"awb-icon-angle-right\" aria-hidden=\"true\"><\/i><\/div><\/div><\/div><div class=\"fusion-clearfix\"><\/div><\/div><\/div><\/div><\/div><div class=\"fusion-fullwidth fullwidth-box fusion-builder-row-5 nonhundred-percent-fullwidth non-hundred-percent-height-scrolling\" style=\"--awb-background-position:left top;--awb-border-sizes-top:0px;--awb-border-sizes-bottom:0px;--awb-border-sizes-left:0px;--awb-border-sizes-right:0px;--awb-border-radius-top-left:0px;--awb-border-radius-top-right:0px;--awb-border-radius-bottom-right:0px;--awb-border-radius-bottom-left:0px;--awb-padding-top:20px;--awb-padding-bottom:20px;--awb-background-color:#e9e0d8;--awb-flex-wrap:wrap;\" ><div class=\"fusion-builder-row fusion-row\"><div class=\"fusion-layout-column fusion_builder_column fusion-builder-column-8 fusion_builder_column_1_1 1_1 fusion-one-full fusion-column-first fusion-column-last fusion-column-no-min-height\" style=\"--awb-bg-size:cover;--awb-margin-bottom:0px;\"><div class=\"fusion-column-wrapper fusion-flex-column-wrapper-legacy\"><div class=\"fusion-testimonials classic awb-speech-bubble-show fusion-testimonials-1\" style=\"--awb-textcolor:#ffffff;--awb-backgroundcolor:#c9c0af;--awb-testimonial-border-style:solid;--awb-testimonial-border-color:var(--awb-color3);--awb-border-top-left-radius:0px;--awb-border-top-right-radius:0px;--awb-border-bottom-left-radius:0px;--awb-border-bottom-right-radius:0px;--testimonial-border-width-top:0px;--testimonial-border-width-right:0px;--testimonial-border-width-bottom:0px;--testimonial-border-width-left:0px;\" data-random=\"0\" data-speed=\"4000\"><div class=\"reviews\"><div class=\"review active-testimonial male\"><blockquote><div class=\"awb-quote\"><div class=\"awb-quote-content\">Uusi LR-00 -malli on vastaus meik\u00e4l\u00e4isen pyynt\u00f6ihin. Se toimii t\u00e4ydellisesti \u00e4\u00e4nityksiss\u00e4 sill\u00e4 mik\u00e4\u00e4n \u00e4\u00e4niala ei \u00e4nke\u00e4 esille. Erityisesti nuo honottavat middlet ovat t\u00e4ydellisess\u00e4 tasapainossa. En en\u00e4\u00e4 juurikaan edes k\u00e4yt\u00e4 EQ:ta demojen akkareissa. Se on jo jotain.. T\u00e4rkeint\u00e4 mulle on kuitenkin akustinen liven\u00e4. Siin\u00e4 k\u00e4yt\u00f6ss\u00e4 en voisi akkarilta enemp\u00e4\u00e4 toivoa. Tule\u00a0meid\u00e4n pajalle testaamaan jos kiinnostaa. <\/div><\/div><span class=\"awb-triangle\"><\/span><\/blockquote><div class=\"author\"><span class=\"testimonial-thumbnail doe\"><\/span><span class=\"company-name\"><strong>Era Mikkola<\/strong><span>, <\/span><a href=\"http:\/\/spacewhale.fi\" target=\"_self\"><span>SW4 Verstas<\/span><\/a><\/span><\/div><\/div><\/div><\/div><div class=\"fusion-clearfix\"><\/div><\/div><\/div><\/div><\/div><div class=\"fusion-fullwidth fullwidth-box fusion-builder-row-6 hundred-percent-fullwidth non-hundred-percent-height-scrolling\" style=\"--awb-border-radius-top-left:0px;--awb-border-radius-top-right:0px;--awb-border-radius-bottom-right:0px;--awb-border-radius-bottom-left:0px;--awb-overflow:visible;--awb-padding-right:20px;--awb-padding-left:20px;--awb-flex-wrap:wrap;\" ><div class=\"fusion-builder-row fusion-row\"><div class=\"fusion-layout-column fusion_builder_column fusion-builder-column-9 fusion_builder_column_1_1 1_1 fusion-one-full fusion-column-first fusion-column-last fusion-column-no-min-height\" style=\"--awb-bg-size:cover;--awb-margin-bottom:0px;\"><div class=\"fusion-column-wrapper fusion-flex-column-wrapper-legacy\"><div class=\"fusion-text fusion-text-9\"><\/div><div class=\"fusion-clearfix\"><\/div><\/div><\/div><\/div><\/div><\/p>\n","protected":false},"excerpt":{"rendered":"","protected":false},"author":1,"featured_media":0,"parent":0,"menu_order":0,"comment_status":"closed","ping_status":"closed","template":"100-width.php","meta":{"footnotes":""},"class_list":["post-6681","page","type-page","status-publish","hentry"],"yoast_head":"<!-- This site is optimized with the Yoast SEO plugin v25.1 - https:\/\/yoast.com\/wordpress\/plugins\/seo\/ -->\n<title>Model LR-00 | Lottonen k\u00e4sintehdyt kitarat<\/title>\n<meta name=\"description\" content=\"Lottonen LR-00 esittelee 1930 -luvun perinteit\u00e4 modernilla tavalla. Soitin on vahva koko \u00e4\u00e4nialueella. Kaulan ja kopan liitos on 13. nauhan kohdalla.\" \/>\n<meta name=\"robots\" content=\"index, follow, max-snippet:-1, max-image-preview:large, max-video-preview:-1\" \/>\n<link rel=\"canonical\" href=\"https:\/\/lottonen.com\/fi\/model-lr-00\/\" \/>\n<meta property=\"og:locale\" content=\"fi_FI\" \/>\n<meta property=\"og:type\" content=\"article\" \/>\n<meta property=\"og:title\" content=\"Model LR-00 | Lottonen k\u00e4sintehdyt kitarat\" \/>\n<meta property=\"og:description\" content=\"Lottonen LR-00 esittelee 1930 -luvun perinteit\u00e4 modernilla tavalla. Soitin on vahva koko \u00e4\u00e4nialueella. Kaulan ja kopan liitos on 13. nauhan kohdalla.\" \/>\n<meta property=\"og:url\" content=\"https:\/\/lottonen.com\/fi\/model-lr-00\/\" \/>\n<meta property=\"og:site_name\" content=\"Lottonen Handmade Guitars\" \/>\n<meta property=\"article:modified_time\" content=\"2024-09-23T14:48:07+00:00\" \/>\n<meta property=\"og:image\" content=\"https:\/\/lottonen.com\/wp-content\/uploads\/2016\/10\/DSC_3688.jpg\" \/>\n<meta name=\"twitter:card\" content=\"summary_large_image\" \/>\n<meta name=\"twitter:label1\" content=\"Arvioitu lukuaika\" \/>\n\t<meta name=\"twitter:data1\" content=\"3 minuuttia\" \/>\n<script type=\"application\/ld+json\" class=\"yoast-schema-graph\">{\"@context\":\"https:\/\/schema.org\",\"@graph\":[{\"@type\":\"WebPage\",\"@id\":\"https:\/\/lottonen.com\/fi\/model-lr-00\/\",\"url\":\"https:\/\/lottonen.com\/fi\/model-lr-00\/\",\"name\":\"Model LR-00 | Lottonen k\u00e4sintehdyt kitarat\",\"isPartOf\":{\"@id\":\"https:\/\/lottonen.com\/#website\"},\"primaryImageOfPage\":{\"@id\":\"https:\/\/lottonen.com\/fi\/model-lr-00\/#primaryimage\"},\"image\":{\"@id\":\"https:\/\/lottonen.com\/fi\/model-lr-00\/#primaryimage\"},\"thumbnailUrl\":\"https:\/\/lottonen.com\/wp-content\/uploads\/2016\/10\/DSC_3688.jpg\",\"datePublished\":\"2015-10-16T08:32:35+00:00\",\"dateModified\":\"2024-09-23T14:48:07+00:00\",\"description\":\"Lottonen LR-00 esittelee 1930 -luvun perinteit\u00e4 modernilla tavalla. Soitin on vahva koko \u00e4\u00e4nialueella. Kaulan ja kopan liitos on 13. nauhan kohdalla.\",\"breadcrumb\":{\"@id\":\"https:\/\/lottonen.com\/fi\/model-lr-00\/#breadcrumb\"},\"inLanguage\":\"fi\",\"potentialAction\":[{\"@type\":\"ReadAction\",\"target\":[\"https:\/\/lottonen.com\/fi\/model-lr-00\/\"]}]},{\"@type\":\"ImageObject\",\"inLanguage\":\"fi\",\"@id\":\"https:\/\/lottonen.com\/fi\/model-lr-00\/#primaryimage\",\"url\":\"https:\/\/lottonen.com\/wp-content\/uploads\/2016\/10\/DSC_3688.jpg\",\"contentUrl\":\"https:\/\/lottonen.com\/wp-content\/uploads\/2016\/10\/DSC_3688.jpg\"},{\"@type\":\"BreadcrumbList\",\"@id\":\"https:\/\/lottonen.com\/fi\/model-lr-00\/#breadcrumb\",\"itemListElement\":[{\"@type\":\"ListItem\",\"position\":1,\"name\":\"Etusivu\",\"item\":\"https:\/\/lottonen.com\/fi\/\"},{\"@type\":\"ListItem\",\"position\":2,\"name\":\"Lottonen LR-00\"}]},{\"@type\":\"WebSite\",\"@id\":\"https:\/\/lottonen.com\/#website\",\"url\":\"https:\/\/lottonen.com\/\",\"name\":\"Lottonen Handmade Guitars\",\"description\":\"A lot of tone\",\"publisher\":{\"@id\":\"https:\/\/lottonen.com\/#organization\"},\"potentialAction\":[{\"@type\":\"SearchAction\",\"target\":{\"@type\":\"EntryPoint\",\"urlTemplate\":\"https:\/\/lottonen.com\/?s={search_term_string}\"},\"query-input\":{\"@type\":\"PropertyValueSpecification\",\"valueRequired\":true,\"valueName\":\"search_term_string\"}}],\"inLanguage\":\"fi\"},{\"@type\":\"Organization\",\"@id\":\"https:\/\/lottonen.com\/#organization\",\"name\":\"Lottonen Guitars Oy\",\"url\":\"https:\/\/lottonen.com\/\",\"logo\":{\"@type\":\"ImageObject\",\"inLanguage\":\"fi\",\"@id\":\"https:\/\/lottonen.com\/#\/schema\/logo\/image\/\",\"url\":\"https:\/\/lottonen.com\/wp-content\/uploads\/2014\/08\/Lottonen-logo1.png\",\"contentUrl\":\"https:\/\/lottonen.com\/wp-content\/uploads\/2014\/08\/Lottonen-logo1.png\",\"width\":374,\"height\":70,\"caption\":\"Lottonen Guitars Oy\"},\"image\":{\"@id\":\"https:\/\/lottonen.com\/#\/schema\/logo\/image\/\"}}]}<\/script>\n<!-- \/ Yoast SEO plugin. -->","yoast_head_json":{"title":"Model LR-00 | Lottonen k\u00e4sintehdyt kitarat","description":"Lottonen LR-00 esittelee 1930 -luvun perinteit\u00e4 modernilla tavalla. Soitin on vahva koko \u00e4\u00e4nialueella. Kaulan ja kopan liitos on 13. nauhan kohdalla.","robots":{"index":"index","follow":"follow","max-snippet":"max-snippet:-1","max-image-preview":"max-image-preview:large","max-video-preview":"max-video-preview:-1"},"canonical":"https:\/\/lottonen.com\/fi\/model-lr-00\/","og_locale":"fi_FI","og_type":"article","og_title":"Model LR-00 | Lottonen k\u00e4sintehdyt kitarat","og_description":"Lottonen LR-00 esittelee 1930 -luvun perinteit\u00e4 modernilla tavalla. Soitin on vahva koko \u00e4\u00e4nialueella. Kaulan ja kopan liitos on 13. nauhan kohdalla.","og_url":"https:\/\/lottonen.com\/fi\/model-lr-00\/","og_site_name":"Lottonen Handmade Guitars","article_modified_time":"2024-09-23T14:48:07+00:00","og_image":[{"url":"https:\/\/lottonen.com\/wp-content\/uploads\/2016\/10\/DSC_3688.jpg","type":"","width":"","height":""}],"twitter_card":"summary_large_image","twitter_misc":{"Arvioitu lukuaika":"3 minuuttia"},"schema":{"@context":"https:\/\/schema.org","@graph":[{"@type":"WebPage","@id":"https:\/\/lottonen.com\/fi\/model-lr-00\/","url":"https:\/\/lottonen.com\/fi\/model-lr-00\/","name":"Model LR-00 | Lottonen k\u00e4sintehdyt kitarat","isPartOf":{"@id":"https:\/\/lottonen.com\/#website"},"primaryImageOfPage":{"@id":"https:\/\/lottonen.com\/fi\/model-lr-00\/#primaryimage"},"image":{"@id":"https:\/\/lottonen.com\/fi\/model-lr-00\/#primaryimage"},"thumbnailUrl":"https:\/\/lottonen.com\/wp-content\/uploads\/2016\/10\/DSC_3688.jpg","datePublished":"2015-10-16T08:32:35+00:00","dateModified":"2024-09-23T14:48:07+00:00","description":"Lottonen LR-00 esittelee 1930 -luvun perinteit\u00e4 modernilla tavalla. Soitin on vahva koko \u00e4\u00e4nialueella. Kaulan ja kopan liitos on 13. nauhan kohdalla.","breadcrumb":{"@id":"https:\/\/lottonen.com\/fi\/model-lr-00\/#breadcrumb"},"inLanguage":"fi","potentialAction":[{"@type":"ReadAction","target":["https:\/\/lottonen.com\/fi\/model-lr-00\/"]}]},{"@type":"ImageObject","inLanguage":"fi","@id":"https:\/\/lottonen.com\/fi\/model-lr-00\/#primaryimage","url":"https:\/\/lottonen.com\/wp-content\/uploads\/2016\/10\/DSC_3688.jpg","contentUrl":"https:\/\/lottonen.com\/wp-content\/uploads\/2016\/10\/DSC_3688.jpg"},{"@type":"BreadcrumbList","@id":"https:\/\/lottonen.com\/fi\/model-lr-00\/#breadcrumb","itemListElement":[{"@type":"ListItem","position":1,"name":"Etusivu","item":"https:\/\/lottonen.com\/fi\/"},{"@type":"ListItem","position":2,"name":"Lottonen LR-00"}]},{"@type":"WebSite","@id":"https:\/\/lottonen.com\/#website","url":"https:\/\/lottonen.com\/","name":"Lottonen Handmade Guitars","description":"A lot of tone","publisher":{"@id":"https:\/\/lottonen.com\/#organization"},"potentialAction":[{"@type":"SearchAction","target":{"@type":"EntryPoint","urlTemplate":"https:\/\/lottonen.com\/?s={search_term_string}"},"query-input":{"@type":"PropertyValueSpecification","valueRequired":true,"valueName":"search_term_string"}}],"inLanguage":"fi"},{"@type":"Organization","@id":"https:\/\/lottonen.com\/#organization","name":"Lottonen Guitars Oy","url":"https:\/\/lottonen.com\/","logo":{"@type":"ImageObject","inLanguage":"fi","@id":"https:\/\/lottonen.com\/#\/schema\/logo\/image\/","url":"https:\/\/lottonen.com\/wp-content\/uploads\/2014\/08\/Lottonen-logo1.png","contentUrl":"https:\/\/lottonen.com\/wp-content\/uploads\/2014\/08\/Lottonen-logo1.png","width":374,"height":70,"caption":"Lottonen Guitars Oy"},"image":{"@id":"https:\/\/lottonen.com\/#\/schema\/logo\/image\/"}}]}},"_links":{"self":[{"href":"https:\/\/lottonen.com\/fi\/wp-json\/wp\/v2\/pages\/6681","targetHints":{"allow":["GET"]}}],"collection":[{"href":"https:\/\/lottonen.com\/fi\/wp-json\/wp\/v2\/pages"}],"about":[{"href":"https:\/\/lottonen.com\/fi\/wp-json\/wp\/v2\/types\/page"}],"author":[{"embeddable":true,"href":"https:\/\/lottonen.com\/fi\/wp-json\/wp\/v2\/users\/1"}],"replies":[{"embeddable":true,"href":"https:\/\/lottonen.com\/fi\/wp-json\/wp\/v2\/comments?post=6681"}],"version-history":[{"count":33,"href":"https:\/\/lottonen.com\/fi\/wp-json\/wp\/v2\/pages\/6681\/revisions"}],"predecessor-version":[{"id":8025,"href":"https:\/\/lottonen.com\/fi\/wp-json\/wp\/v2\/pages\/6681\/revisions\/8025"}],"wp:attachment":[{"href":"https:\/\/lottonen.com\/fi\/wp-json\/wp\/v2\/media?parent=6681"}],"curies":[{"name":"wp","href":"https:\/\/api.w.org\/{rel}","templated":true}]}}